{"id":9147,"date":"2025-07-22T15:15:44","date_gmt":"2025-07-22T13:15:44","guid":{"rendered":"https:\/\/awamamenities.com\/maroc\/?page_id=9147"},"modified":"2025-08-18T16:02:45","modified_gmt":"2025-08-18T14:02:45","slug":"slippers","status":"publish","type":"page","link":"https:\/\/awamamenities.com\/maroc\/slippers\/","title":{"rendered":"Slippers"},"content":{"rendered":"\t\t<div data-elementor-type=\"wp-page\" data-elementor-id=\"9147\" class=\"elementor elementor-9147\">\n\t\t\t\t\t\t<section class=\"elementor-section elementor-top-section elementor-element elementor-element-41f207c elementor-section-height-min-height elementor-section-boxed elementor-section-height-default elementor-section-items-middle wpr-particle-no wpr-jarallax-no wpr-parallax-no wpr-sticky-section-no\" data-id=\"41f207c\" data-element_type=\"section\" data-settings=\"{&quot;background_background&quot;:&quot;classic&quot;}\">\n\t\t\t\t\t\t<div class=\"elementor-container elementor-column-gap-extended\">\n\t\t\t\t\t<div class=\"elementor-column elementor-col-100 elementor-top-column elementor-element elementor-element-d7c8643\" data-id=\"d7c8643\" data-element_type=\"column\">\n\t\t\t<div class=\"elementor-widget-wrap elementor-element-populated\">\n\t\t\t\t\t\t<div class=\"elementor-element elementor-element-4a7b41a elementor-widget__width-initial elementor-widget-mobile__width-initial elementor-widget elementor-widget-heading\" data-id=\"4a7b41a\" data-element_type=\"widget\" data-widget_type=\"heading.default\">\n\t\t\t\t<div class=\"elementor-widget-container\">\n\t\t\t\t\t<h1 class=\"elementor-heading-title elementor-size-default\">SLIPpERS<\/h1>\t\t\t\t<\/div>\n\t\t\t\t<\/div>\n\t\t\t\t<div class=\"elementor-element elementor-element-1d968e7 elementor-widget__width-initial elementor-widget elementor-widget-text-editor\" data-id=\"1d968e7\" data-element_type=\"widget\" data-widget_type=\"text-editor.default\">\n\t\t\t\t<div class=\"elementor-widget-container\">\n\t\t\t\t\t\t\t\t\t<p>Confort et \u00e9l\u00e9gance au service de vos clients. Offrez \u00e0 vos clients une exp\u00e9rience d\u2019accueil raffin\u00e9e d\u00e8s leur entr\u00e9e dans la chambre.<\/p>\t\t\t\t\t\t\t\t<\/div>\n\t\t\t\t<\/div>\n\t\t<div class=\"elementor-element elementor-element-dd287c3 e-flex e-con-boxed wpr-particle-no wpr-jarallax-no wpr-parallax-no wpr-sticky-section-no e-con e-parent\" data-id=\"dd287c3\" data-element_type=\"container\" data-settings=\"{&quot;background_background&quot;:&quot;classic&quot;}\">\n\t\t\t\t\t<div class=\"e-con-inner\">\n\t\t\t\t<div class=\"elementor-element elementor-element-e48a03b elementor-widget elementor-widget-spacer\" data-id=\"e48a03b\" data-element_type=\"widget\" data-widget_type=\"spacer.default\">\n\t\t\t\t<div class=\"elementor-widget-container\">\n\t\t\t\t\t\t\t<div class=\"elementor-spacer\">\n\t\t\t<div class=\"elementor-spacer-inner\"><\/div>\n\t\t<\/div>\n\t\t\t\t\t\t<\/div>\n\t\t\t\t<\/div>\n\t\t\t\t\t<\/div>\n\t\t\t\t<\/div>\n\t\t\t\t\t<\/div>\n\t\t<\/div>\n\t\t\t\t\t<\/div>\n\t\t<\/section>\n\t\t        \t\t<section class=\"elementor-section elementor-top-section elementor-element elementor-element-275acd8 elementor-section-content-middle elementor-section-boxed elementor-section-height-default elementor-section-height-default wpr-particle-no wpr-jarallax-no wpr-parallax-no wpr-sticky-section-no\" data-id=\"275acd8\" data-element_type=\"section\" data-settings=\"{&quot;background_background&quot;:&quot;classic&quot;}\">\n\t\t\t\t\t\t<div class=\"elementor-container elementor-column-gap-extended\">\n\t\t\t\t\t<div class=\"elementor-column elementor-col-50 elementor-top-column elementor-element elementor-element-faa27bc\" data-id=\"faa27bc\" data-element_type=\"column\">\n\t\t\t<div class=\"elementor-widget-wrap elementor-element-populated\">\n\t\t\t\t\t\t<div class=\"elementor-element elementor-element-456c0b3 elementor-widget elementor-widget-spacer\" data-id=\"456c0b3\" data-element_type=\"widget\" data-widget_type=\"spacer.default\">\n\t\t\t\t<div class=\"elementor-widget-container\">\n\t\t\t\t\t\t\t<div class=\"elementor-spacer\">\n\t\t\t<div class=\"elementor-spacer-inner\"><\/div>\n\t\t<\/div>\n\t\t\t\t\t\t<\/div>\n\t\t\t\t<\/div>\n\t\t\t\t<div class=\"elementor-element elementor-element-f0a44a9 elementor-widget elementor-widget-image\" data-id=\"f0a44a9\" data-element_type=\"widget\" data-widget_type=\"image.default\">\n\t\t\t\t<div class=\"elementor-widget-container\">\n\t\t\t\t\t\t\t\t\t\t\t\t\t\t\t<img fetchpriority=\"high\" decoding=\"async\" width=\"950\" height=\"1152\" src=\"https:\/\/awamamenities.com\/maroc\/wp-content\/uploads\/2025\/07\/Plan-de-travail-1-copie-18@2x.png\" class=\"attachment-full size-full wp-image-9150\" alt=\"\" srcset=\"https:\/\/awamamenities.com\/maroc\/wp-content\/uploads\/2025\/07\/Plan-de-travail-1-copie-18@2x.png 950w, https:\/\/awamamenities.com\/maroc\/wp-content\/uploads\/2025\/07\/Plan-de-travail-1-copie-18@2x-247x300.png 247w, https:\/\/awamamenities.com\/maroc\/wp-content\/uploads\/2025\/07\/Plan-de-travail-1-copie-18@2x-844x1024.png 844w, https:\/\/awamamenities.com\/maroc\/wp-content\/uploads\/2025\/07\/Plan-de-travail-1-copie-18@2x-768x931.png 768w, https:\/\/awamamenities.com\/maroc\/wp-content\/uploads\/2025\/07\/Plan-de-travail-1-copie-18@2x-600x728.png 600w\" sizes=\"(max-width: 950px) 100vw, 950px\" \/>\t\t\t\t\t\t\t\t\t\t\t\t\t\t\t<\/div>\n\t\t\t\t<\/div>\n\t\t\t\t\t<\/div>\n\t\t<\/div>\n\t\t\t\t<div class=\"elementor-column elementor-col-50 elementor-top-column elementor-element elementor-element-4beb79f\" data-id=\"4beb79f\" data-element_type=\"column\">\n\t\t\t<div class=\"elementor-widget-wrap elementor-element-populated\">\n\t\t\t\t\t\t<div class=\"elementor-element elementor-element-3b3a730 elementor-widget__width-initial elementor-widget elementor-widget-heading\" data-id=\"3b3a730\" data-element_type=\"widget\" data-widget_type=\"heading.default\">\n\t\t\t\t<div class=\"elementor-widget-container\">\n\t\t\t\t\t<h3 class=\"elementor-heading-title elementor-size-default\">Slippers<\/h3>\t\t\t\t<\/div>\n\t\t\t\t<\/div>\n\t\t\t\t<div class=\"elementor-element elementor-element-fc92a51 elementor-widget__width-initial elementor-widget-widescreen__width-initial elementor-widget-tablet__width-initial elementor-widget-mobile_extra__width-initial elementor-widget-mobile__width-initial elementor-widget elementor-widget-text-editor\" data-id=\"fc92a51\" data-element_type=\"widget\" data-widget_type=\"text-editor.default\">\n\t\t\t\t<div class=\"elementor-widget-container\">\n\t\t\t\t\t\t\t\t\t Chez AWAM Amenities Maroc, nous vous proposons une gamme compl\u00e8te de sleepers (chaussons d\u2019h\u00f4tel) alliant confort, hygi\u00e8ne et esth\u00e9tisme. Con\u00e7us pour r\u00e9pondre aux exigences des \u00e9tablissements haut de gamme, nos sleepers sont disponibles en plusieurs mod\u00e8les : Premium, \nConfort et \u00c9conomique, jetables ou r\u00e9utilisables,en coton, polyester, velours ou non-tiss\u00e9, avec ou sans semelle antid\u00e9rapante.\t\t\t\t\t\t\t\t<\/div>\n\t\t\t\t<\/div>\n\t\t\t\t\t<\/div>\n\t\t<\/div>\n\t\t\t\t\t<\/div>\n\t\t<\/section>\n\t\t        \t\t<section class=\"elementor-section elementor-top-section elementor-element elementor-element-010d228 elementor-section-boxed elementor-section-height-default elementor-section-height-default wpr-particle-no wpr-jarallax-no wpr-parallax-no wpr-sticky-section-no\" data-id=\"010d228\" data-element_type=\"section\">\n\t\t\t\t\t\t<div class=\"elementor-container elementor-column-gap-extended\">\n\t\t\t\t\t<div class=\"elementor-column elementor-col-100 elementor-top-column elementor-element elementor-element-55cae20\" data-id=\"55cae20\" data-element_type=\"column\">\n\t\t\t<div class=\"elementor-widget-wrap elementor-element-populated\">\n\t\t\t\t\t\t<div class=\"elementor-element elementor-element-c69cb17 elementor-widget__width-initial elementor-widget-widescreen__width-initial elementor-widget-tablet__width-initial elementor-widget elementor-widget-text-editor\" data-id=\"c69cb17\" data-element_type=\"widget\" data-widget_type=\"text-editor.default\">\n\t\t\t\t<div class=\"elementor-widget-container\">\n\t\t\t\t\t\t\t\t\t<p>Nos Slippers s\u2019adaptent parfaitement \u00e0 tous les styles d\u2019h\u00e9bergement : h\u00f4tels de luxe, maisons d\u2019h\u00f4tes, riads, \u00e9tablissements baln\u00e9aires ou h\u00f4tels d&rsquo;affaires.<\/p>\t\t\t\t\t\t\t\t<\/div>\n\t\t\t\t<\/div>\n\t\t\t\t\t<\/div>\n\t\t<\/div>\n\t\t\t\t\t<\/div>\n\t\t<\/section>\n\t\t        \t\t<section class=\"elementor-section elementor-top-section elementor-element elementor-element-9360463 elementor-section-height-min-height elementor-section-boxed elementor-section-height-default elementor-section-items-middle wpr-particle-no wpr-jarallax-no wpr-parallax-no wpr-sticky-section-no\" data-id=\"9360463\" data-element_type=\"section\" data-settings=\"{&quot;background_background&quot;:&quot;classic&quot;}\">\n\t\t\t\t\t\t\t<div class=\"elementor-background-overlay\"><\/div>\n\t\t\t\t\t\t\t<div class=\"elementor-container elementor-column-gap-extended\">\n\t\t\t\t\t<div class=\"elementor-column elementor-col-100 elementor-top-column elementor-element elementor-element-28b9e35\" data-id=\"28b9e35\" data-element_type=\"column\">\n\t\t\t<div class=\"elementor-widget-wrap elementor-element-populated\">\n\t\t\t\t\t\t<div class=\"elementor-element elementor-element-4251ff1 elementor-widget__width-initial elementor-widget elementor-widget-text-editor\" data-id=\"4251ff1\" data-element_type=\"widget\" data-widget_type=\"text-editor.default\">\n\t\t\t\t<div class=\"elementor-widget-container\">\n\t\t\t\t\t\t\t\t\t<p>Ils sont fabriqu\u00e9s selon les exigences de la norme marocaine obligatoire NM09.5.100, et respectent les r\u00e8gles d\u2019harmonisation des proc\u00e9dures d\u2019\u00e9valuation de la conformit\u00e9 des articles chaussons.<\/p>\t\t\t\t\t\t\t\t<\/div>\n\t\t\t\t<\/div>\n\t\t\t\t\t<\/div>\n\t\t<\/div>\n\t\t\t\t\t<\/div>\n\t\t<\/section>\n\t\t            <script>\r\n                jQuery(document).ready(function ($) {\r\n                    \"use strict\";\r\n                    let target = $('.elementor-element-9360463');\r\n                                        let ParallaxElement = {\r\n                        init: function () {\r\n                            elementorFrontend.hooks.addAction('frontend\/element_ready\/global', ParallaxElement.initWidget);\r\n                        },\r\n                        responsiveParallax: function () {\r\n                            let android = 0,\r\n                                ios = 0;\r\n                            switch (true || 1) {\r\n                                case android && ios:\r\n                                    return \/iPad|iPhone|iPod|Android\/;\r\n                                    break;\r\n                                case android && !ios:\r\n                                    return \/Android\/;\r\n                                    break;\r\n                                case !android && ios:\r\n                                    return \/iPad|iPhone|iPod\/;\r\n                                    break;\r\n                                case (!android && !ios):\r\n                                    return null;\r\n                            }\r\n                        },\r\n                        initWidget: function ($scope) {\r\n                            target.jarallax({\r\n                                type: 'scroll',\r\n                                speed: 0.8,\r\n                                keepImg: true,\r\n                                disableParallax: ParallaxElement.responsiveParallax(),\r\n                            });\r\n                        }\r\n                    };\r\n                    $(window).on('elementor\/frontend\/init', ParallaxElement.init);\r\n                                    });\r\n            <\/script>\r\n                \t\t<section class=\"elementor-section elementor-top-section elementor-element elementor-element-59fd765 elementor-section-content-middle elementor-section-boxed elementor-section-height-default elementor-section-height-default wpr-particle-no wpr-jarallax-no wpr-parallax-no wpr-sticky-section-no\" data-id=\"59fd765\" data-element_type=\"section\" data-settings=\"{&quot;background_background&quot;:&quot;classic&quot;}\">\n\t\t\t\t\t\t<div class=\"elementor-container elementor-column-gap-extended\">\n\t\t\t\t\t<div class=\"elementor-column elementor-col-50 elementor-top-column elementor-element elementor-element-56844ab\" data-id=\"56844ab\" data-element_type=\"column\">\n\t\t\t<div class=\"elementor-widget-wrap elementor-element-populated\">\n\t\t\t\t\t\t<div class=\"elementor-element elementor-element-e608e90 elementor-widget__width-initial elementor-widget elementor-widget-heading\" data-id=\"e608e90\" data-element_type=\"widget\" data-widget_type=\"heading.default\">\n\t\t\t\t<div class=\"elementor-widget-container\">\n\t\t\t\t\t<h3 class=\"elementor-heading-title elementor-size-default\">Options de <BR>\npersonnalisation : <\/h3>\t\t\t\t<\/div>\n\t\t\t\t<\/div>\n\t\t\t\t<div class=\"elementor-element elementor-element-228a132 elementor-widget__width-initial elementor-widget-widescreen__width-initial elementor-widget elementor-widget-text-editor\" data-id=\"228a132\" data-element_type=\"widget\" data-widget_type=\"text-editor.default\">\n\t\t\t\t<div class=\"elementor-widget-container\">\n\t\t\t\t\t\t\t\t\t<p>\u2022 Broderie ou impression du logo<br \/>\u2022 Couleurs et mati\u00e8res personnalisables<br \/>\u2022 Emballage individuel \u00e9co-responsable<\/p>\t\t\t\t\t\t\t\t<\/div>\n\t\t\t\t<\/div>\n\t\t\t\t\t<\/div>\n\t\t<\/div>\n\t\t\t\t<div class=\"elementor-column elementor-col-50 elementor-top-column elementor-element elementor-element-d3e48cd\" data-id=\"d3e48cd\" data-element_type=\"column\">\n\t\t\t<div class=\"elementor-widget-wrap elementor-element-populated\">\n\t\t\t\t\t\t<div class=\"elementor-element elementor-element-38049b6 elementor-widget elementor-widget-spacer\" data-id=\"38049b6\" data-element_type=\"widget\" data-widget_type=\"spacer.default\">\n\t\t\t\t<div class=\"elementor-widget-container\">\n\t\t\t\t\t\t\t<div class=\"elementor-spacer\">\n\t\t\t<div class=\"elementor-spacer-inner\"><\/div>\n\t\t<\/div>\n\t\t\t\t\t\t<\/div>\n\t\t\t\t<\/div>\n\t\t\t\t<div class=\"elementor-element elementor-element-317657b elementor-widget elementor-widget-image\" data-id=\"317657b\" data-element_type=\"widget\" data-widget_type=\"image.default\">\n\t\t\t\t<div class=\"elementor-widget-container\">\n\t\t\t\t\t\t\t\t\t\t\t\t\t\t\t<img decoding=\"async\" width=\"844\" height=\"1024\" src=\"https:\/\/awamamenities.com\/maroc\/wp-content\/uploads\/2025\/08\/Plan-de-travail-1-c-844x1024.png\" class=\"attachment-large size-large wp-image-9382\" alt=\"\" srcset=\"https:\/\/awamamenities.com\/maroc\/wp-content\/uploads\/2025\/08\/Plan-de-travail-1-c-844x1024.png 844w, https:\/\/awamamenities.com\/maroc\/wp-content\/uploads\/2025\/08\/Plan-de-travail-1-c-247x300.png 247w, https:\/\/awamamenities.com\/maroc\/wp-content\/uploads\/2025\/08\/Plan-de-travail-1-c-768x931.png 768w, https:\/\/awamamenities.com\/maroc\/wp-content\/uploads\/2025\/08\/Plan-de-travail-1-c.png 950w\" sizes=\"(max-width: 844px) 100vw, 844px\" \/>\t\t\t\t\t\t\t\t\t\t\t\t\t\t\t<\/div>\n\t\t\t\t<\/div>\n\t\t\t\t\t<\/div>\n\t\t<\/div>\n\t\t\t\t\t<\/div>\n\t\t<\/section>\n\t\t        \t\t<\/div>\n\t\t","protected":false},"excerpt":{"rendered":"<p>SLIPpERS Confort et \u00e9l\u00e9gance au service de vos clients. Offrez \u00e0 vos clients une exp\u00e9rience d\u2019accueil raffin\u00e9e d\u00e8s leur entr\u00e9e dans la chambre. Slippers Chez AWAM Amenities Maroc, nous vous proposons une gamme compl\u00e8te de sleepers (chaussons d\u2019h\u00f4tel) alliant confort, hygi\u00e8ne et esth\u00e9tisme. Con\u00e7us pour r\u00e9pondre aux exigences des \u00e9tablissements haut de gamme, nos sleepers sont disponibles en plusieurs mod\u00e8les : Premium, Confort et \u00c9conomique, jetables ou r\u00e9utilisables,en coton, polyester, velours ou non-tiss\u00e9, avec ou sans semelle antid\u00e9rapante. Nos Slippers s\u2019adaptent parfaitement \u00e0 tous les styles d\u2019h\u00e9bergement : h\u00f4tels de luxe, maisons d\u2019h\u00f4tes, riads, \u00e9tablissements baln\u00e9aires ou h\u00f4tels d&rsquo;affaires. Ils sont fabriqu\u00e9s selon les exigences de la norme marocaine obligatoire NM09.5.100, et respectent les r\u00e8gles d\u2019harmonisation des proc\u00e9dures d\u2019\u00e9valuation de la conformit\u00e9 des articles chaussons. Options de personnalisation : \u2022 Broderie ou impression du logo\u2022 Couleurs et mati\u00e8res personnalisables\u2022 Emballage individuel \u00e9co-responsable<\/p>\n","protected":false},"author":1,"featured_media":0,"parent":0,"menu_order":0,"comment_status":"closed","ping_status":"closed","template":"","meta":{"footnotes":""},"class_list":["post-9147","page","type-page","status-publish","hentry"],"acf":[],"aioseo_notices":[],"_links":{"self":[{"href":"https:\/\/awamamenities.com\/maroc\/wp-json\/wp\/v2\/pages\/9147","targetHints":{"allow":["GET"]}}],"collection":[{"href":"https:\/\/awamamenities.com\/maroc\/wp-json\/wp\/v2\/pages"}],"about":[{"href":"https:\/\/awamamenities.com\/maroc\/wp-json\/wp\/v2\/types\/page"}],"author":[{"embeddable":true,"href":"https:\/\/awamamenities.com\/maroc\/wp-json\/wp\/v2\/users\/1"}],"replies":[{"embeddable":true,"href":"https:\/\/awamamenities.com\/maroc\/wp-json\/wp\/v2\/comments?post=9147"}],"version-history":[{"count":62,"href":"https:\/\/awamamenities.com\/maroc\/wp-json\/wp\/v2\/pages\/9147\/revisions"}],"predecessor-version":[{"id":9385,"href":"https:\/\/awamamenities.com\/maroc\/wp-json\/wp\/v2\/pages\/9147\/revisions\/9385"}],"wp:attachment":[{"href":"https:\/\/awamamenities.com\/maroc\/wp-json\/wp\/v2\/media?parent=9147"}],"curies":[{"name":"wp","href":"https:\/\/api.w.org\/{rel}","templated":true}]}}