{"id":8620,"date":"2025-06-27T18:08:12","date_gmt":"2025-06-27T16:08:12","guid":{"rendered":"https:\/\/awamamenities.com\/maroc\/?page_id=8620"},"modified":"2025-10-29T11:43:30","modified_gmt":"2025-10-29T10:43:30","slug":"maison-de-larganier","status":"publish","type":"page","link":"https:\/\/awamamenities.com\/maroc\/maison-de-larganier\/","title":{"rendered":"Maison de l&rsquo;arganier"},"content":{"rendered":"\t\t<div data-elementor-type=\"wp-page\" data-elementor-id=\"8620\" class=\"elementor elementor-8620\">\n\t\t\t\t\t\t<section class=\"elementor-section elementor-top-section elementor-element elementor-element-41f207c elementor-section-height-min-height elementor-section-boxed elementor-section-height-default elementor-section-items-middle wpr-particle-no wpr-jarallax-no wpr-parallax-no wpr-sticky-section-no\" data-id=\"41f207c\" data-element_type=\"section\" data-settings=\"{&quot;background_background&quot;:&quot;classic&quot;}\">\n\t\t\t\t\t\t<div class=\"elementor-container elementor-column-gap-extended\">\n\t\t\t\t\t<div class=\"elementor-column elementor-col-100 elementor-top-column elementor-element elementor-element-d7c8643\" data-id=\"d7c8643\" data-element_type=\"column\">\n\t\t\t<div class=\"elementor-widget-wrap elementor-element-populated\">\n\t\t\t\t\t\t<div class=\"elementor-element elementor-element-5e96572 elementor-widget elementor-widget-image\" data-id=\"5e96572\" data-element_type=\"widget\" data-widget_type=\"image.default\">\n\t\t\t\t<div class=\"elementor-widget-container\">\n\t\t\t\t\t\t\t\t\t\t\t\t\t\t\t<img decoding=\"async\" width=\"108\" height=\"114\" src=\"https:\/\/awamamenities.com\/maroc\/wp-content\/uploads\/2025\/05\/Plan-de-travail-1-copie-6.svg\" class=\"attachment-large size-large wp-image-7877\" alt=\"\" \/>\t\t\t\t\t\t\t\t\t\t\t\t\t\t\t<\/div>\n\t\t\t\t<\/div>\n\t\t\t\t<div class=\"elementor-element elementor-element-8eae376 elementor-hidden-tablet elementor-hidden-mobile_extra elementor-hidden-mobile elementor-widget elementor-widget-spacer\" data-id=\"8eae376\" data-element_type=\"widget\" data-widget_type=\"spacer.default\">\n\t\t\t\t<div class=\"elementor-widget-container\">\n\t\t\t\t\t\t\t<div class=\"elementor-spacer\">\n\t\t\t<div class=\"elementor-spacer-inner\"><\/div>\n\t\t<\/div>\n\t\t\t\t\t\t<\/div>\n\t\t\t\t<\/div>\n\t\t\t\t<div class=\"elementor-element elementor-element-1d968e7 elementor-widget__width-initial elementor-widget elementor-widget-text-editor\" data-id=\"1d968e7\" data-element_type=\"widget\" data-widget_type=\"text-editor.default\">\n\t\t\t\t<div class=\"elementor-widget-container\">\n\t\t\t\t\t\t\t\t\t<div class=\"elementor-element elementor-element-691dbb7 e-con-full e-flex wpr-particle-no wpr-jarallax-no wpr-parallax-no wpr-sticky-section-no e-con e-parent e-lazyloaded\" data-id=\"691dbb7\" data-element_type=\"container\" data-settings=\"{&quot;background_background&quot;:&quot;classic&quot;}\"><div class=\"elementor-element elementor-element-58ed694 elementor-widget__width-initial elementor-widget elementor-widget-text-editor\" data-id=\"58ed694\" data-element_type=\"widget\" data-widget_type=\"text-editor.default\"><div class=\"elementor-widget-container\"><p>L&rsquo;huile d&rsquo;argan, tr\u00e9sor mill\u00e9naire, hydrate et r\u00e9g\u00e9n\u00e8re la peau, offrant une douceur et un bien-\u00eatre inspir\u00e9s par la nature.<\/p><\/div><\/div><\/div><div class=\"elementor-element elementor-element-d36b69d e-flex e-con-boxed wpr-particle-no wpr-jarallax-no wpr-parallax-no wpr-sticky-section-no e-con e-parent e-lazyloaded\" data-id=\"d36b69d\" data-element_type=\"container\" data-settings=\"{&quot;background_background&quot;:&quot;classic&quot;}\"><div class=\"e-con-inner\"><div class=\"elementor-element elementor-element-d63163a elementor-widget elementor-widget-spacer\" data-id=\"d63163a\" data-element_type=\"widget\" data-widget_type=\"spacer.default\"><div class=\"elementor-widget-container\"><div class=\"elementor-spacer\">\u00a0<\/div><\/div><\/div><\/div><\/div>\t\t\t\t\t\t\t\t<\/div>\n\t\t\t\t<\/div>\n\t\t<div class=\"elementor-element elementor-element-dd287c3 e-flex e-con-boxed wpr-particle-no wpr-jarallax-no wpr-parallax-no wpr-sticky-section-no e-con e-parent\" data-id=\"dd287c3\" data-element_type=\"container\" data-settings=\"{&quot;background_background&quot;:&quot;classic&quot;}\">\n\t\t\t\t\t<div class=\"e-con-inner\">\n\t\t\t\t<div class=\"elementor-element elementor-element-e48a03b elementor-widget elementor-widget-spacer\" data-id=\"e48a03b\" data-element_type=\"widget\" data-widget_type=\"spacer.default\">\n\t\t\t\t<div class=\"elementor-widget-container\">\n\t\t\t\t\t\t\t<div class=\"elementor-spacer\">\n\t\t\t<div class=\"elementor-spacer-inner\"><\/div>\n\t\t<\/div>\n\t\t\t\t\t\t<\/div>\n\t\t\t\t<\/div>\n\t\t\t\t\t<\/div>\n\t\t\t\t<\/div>\n\t\t\t\t\t<\/div>\n\t\t<\/div>\n\t\t\t\t\t<\/div>\n\t\t<\/section>\n\t\t        <div class=\"elementor-element elementor-element-3a846a5 e-flex e-con-boxed wpr-particle-no wpr-jarallax-no wpr-parallax-no wpr-sticky-section-no e-con e-parent\" data-id=\"3a846a5\" data-element_type=\"container\" data-settings=\"{&quot;background_background&quot;:&quot;classic&quot;}\">\n\t\t\t\t\t<div class=\"e-con-inner\">\n\t\t\t\t<div class=\"elementor-element elementor-element-3588e6c elementor-widget elementor-widget-spacer\" data-id=\"3588e6c\" data-element_type=\"widget\" data-widget_type=\"spacer.default\">\n\t\t\t\t<div class=\"elementor-widget-container\">\n\t\t\t\t\t\t\t<div class=\"elementor-spacer\">\n\t\t\t<div class=\"elementor-spacer-inner\"><\/div>\n\t\t<\/div>\n\t\t\t\t\t\t<\/div>\n\t\t\t\t<\/div>\n\t\t\t\t\t<\/div>\n\t\t\t\t<\/div>\n\t\t<div class=\"elementor-element elementor-element-9f9acf4 e-flex e-con-boxed wpr-particle-no wpr-jarallax-no wpr-parallax-no wpr-sticky-section-no e-con e-parent\" data-id=\"9f9acf4\" data-element_type=\"container\">\n\t\t\t\t\t<div class=\"e-con-inner\">\n\t\t\t\t<div class=\"elementor-element elementor-element-7217977 elementor-widget elementor-widget-heading\" data-id=\"7217977\" data-element_type=\"widget\" data-widget_type=\"heading.default\">\n\t\t\t\t<div class=\"elementor-widget-container\">\n\t\t\t\t\t<h5 class=\"elementor-heading-title elementor-size-default\">MAISON DE L'ARGANIER\/ <span style=\"font-weight:300\">  flacon de 40 ml<\/h5>\t\t\t\t<\/div>\n\t\t\t\t<\/div>\n\t\t\t\t\t<\/div>\n\t\t\t\t<\/div>\n\t\t<div class=\"elementor-element elementor-element-ce1ca8a e-grid e-con-boxed wpr-particle-no wpr-jarallax-no wpr-parallax-no wpr-sticky-section-no e-con e-parent\" data-id=\"ce1ca8a\" data-element_type=\"container\">\n\t\t\t\t\t<div class=\"e-con-inner\">\n\t\t<div class=\"elementor-element elementor-element-2cc7a2c e-con-full e-flex wpr-particle-no wpr-jarallax-no wpr-parallax-no wpr-sticky-section-no e-con e-child\" data-id=\"2cc7a2c\" data-element_type=\"container\">\n\t\t\t\t<div class=\"elementor-element elementor-element-b2c904a elementor-position-top elementor-widget elementor-widget-image-box\" data-id=\"b2c904a\" data-element_type=\"widget\" data-widget_type=\"image-box.default\">\n\t\t\t\t<div class=\"elementor-widget-container\">\n\t\t\t\t\t<div class=\"elementor-image-box-wrapper\"><figure class=\"elementor-image-box-img\"><img fetchpriority=\"high\" decoding=\"async\" width=\"684\" height=\"908\" src=\"https:\/\/awamamenities.com\/maroc\/wp-content\/uploads\/2025\/04\/Plan-de-travail-1-copie-36.webp\" class=\"attachment-full size-full wp-image-5543\" alt=\"\" srcset=\"https:\/\/awamamenities.com\/maroc\/wp-content\/uploads\/2025\/04\/Plan-de-travail-1-copie-36.webp 684w, https:\/\/awamamenities.com\/maroc\/wp-content\/uploads\/2025\/04\/Plan-de-travail-1-copie-36-226x300.webp 226w, https:\/\/awamamenities.com\/maroc\/wp-content\/uploads\/2025\/04\/Plan-de-travail-1-copie-36-200x266.webp 200w, https:\/\/awamamenities.com\/maroc\/wp-content\/uploads\/2025\/04\/Plan-de-travail-1-copie-36-360x479.webp 360w, https:\/\/awamamenities.com\/maroc\/wp-content\/uploads\/2025\/04\/Plan-de-travail-1-copie-36-512x681.webp 512w, https:\/\/awamamenities.com\/maroc\/wp-content\/uploads\/2025\/04\/Plan-de-travail-1-copie-36-600x796.webp 600w\" sizes=\"(max-width: 684px) 100vw, 684px\" \/><\/figure><div class=\"elementor-image-box-content\"><p class=\"elementor-image-box-title\">Apr\u00e8s Shampooing<\/p><p class=\"elementor-image-box-description\">\u00e0 l'huile d'argan<\/p><\/div><\/div>\t\t\t\t<\/div>\n\t\t\t\t<\/div>\n\t\t\t\t<\/div>\n\t\t<div class=\"elementor-element elementor-element-9444321 e-con-full e-flex wpr-particle-no wpr-jarallax-no wpr-parallax-no wpr-sticky-section-no e-con e-child\" data-id=\"9444321\" data-element_type=\"container\">\n\t\t\t\t<div class=\"elementor-element elementor-element-74a272a elementor-position-top elementor-widget elementor-widget-image-box\" data-id=\"74a272a\" data-element_type=\"widget\" data-widget_type=\"image-box.default\">\n\t\t\t\t<div class=\"elementor-widget-container\">\n\t\t\t\t\t<div class=\"elementor-image-box-wrapper\"><figure class=\"elementor-image-box-img\"><img decoding=\"async\" width=\"684\" height=\"908\" src=\"https:\/\/awamamenities.com\/maroc\/wp-content\/uploads\/2025\/04\/Plan-de-travail-1-copie-37.webp\" class=\"attachment-full size-full wp-image-5544\" alt=\"\" srcset=\"https:\/\/awamamenities.com\/maroc\/wp-content\/uploads\/2025\/04\/Plan-de-travail-1-copie-37.webp 684w, https:\/\/awamamenities.com\/maroc\/wp-content\/uploads\/2025\/04\/Plan-de-travail-1-copie-37-226x300.webp 226w, https:\/\/awamamenities.com\/maroc\/wp-content\/uploads\/2025\/04\/Plan-de-travail-1-copie-37-200x266.webp 200w, https:\/\/awamamenities.com\/maroc\/wp-content\/uploads\/2025\/04\/Plan-de-travail-1-copie-37-360x479.webp 360w, https:\/\/awamamenities.com\/maroc\/wp-content\/uploads\/2025\/04\/Plan-de-travail-1-copie-37-512x681.webp 512w, https:\/\/awamamenities.com\/maroc\/wp-content\/uploads\/2025\/04\/Plan-de-travail-1-copie-37-600x796.webp 600w\" sizes=\"(max-width: 684px) 100vw, 684px\" \/><\/figure><div class=\"elementor-image-box-content\"><p class=\"elementor-image-box-title\">Shampooing<\/p><p class=\"elementor-image-box-description\">\u00e0 l'huile d'argan\u200b<\/p><\/div><\/div>\t\t\t\t<\/div>\n\t\t\t\t<\/div>\n\t\t\t\t<\/div>\n\t\t<div class=\"elementor-element elementor-element-6afd451 e-con-full e-flex wpr-particle-no wpr-jarallax-no wpr-parallax-no wpr-sticky-section-no e-con e-child\" data-id=\"6afd451\" data-element_type=\"container\">\n\t\t\t\t<div class=\"elementor-element elementor-element-f80393c elementor-position-top elementor-widget elementor-widget-image-box\" data-id=\"f80393c\" data-element_type=\"widget\" data-widget_type=\"image-box.default\">\n\t\t\t\t<div class=\"elementor-widget-container\">\n\t\t\t\t\t<div class=\"elementor-image-box-wrapper\"><figure class=\"elementor-image-box-img\"><img loading=\"lazy\" decoding=\"async\" width=\"684\" height=\"908\" src=\"https:\/\/awamamenities.com\/maroc\/wp-content\/uploads\/2025\/04\/Plan-de-travail-1-copie-38.webp\" class=\"attachment-full size-full wp-image-5545\" alt=\"\" srcset=\"https:\/\/awamamenities.com\/maroc\/wp-content\/uploads\/2025\/04\/Plan-de-travail-1-copie-38.webp 684w, https:\/\/awamamenities.com\/maroc\/wp-content\/uploads\/2025\/04\/Plan-de-travail-1-copie-38-226x300.webp 226w, https:\/\/awamamenities.com\/maroc\/wp-content\/uploads\/2025\/04\/Plan-de-travail-1-copie-38-200x266.webp 200w, https:\/\/awamamenities.com\/maroc\/wp-content\/uploads\/2025\/04\/Plan-de-travail-1-copie-38-360x479.webp 360w, https:\/\/awamamenities.com\/maroc\/wp-content\/uploads\/2025\/04\/Plan-de-travail-1-copie-38-512x681.webp 512w, https:\/\/awamamenities.com\/maroc\/wp-content\/uploads\/2025\/04\/Plan-de-travail-1-copie-38-600x796.webp 600w\" sizes=\"(max-width: 684px) 100vw, 684px\" \/><\/figure><div class=\"elementor-image-box-content\"><p class=\"elementor-image-box-title\">Gel Bain Douche<\/p><p class=\"elementor-image-box-description\">\u00e0 l'huile d'argan\u200b\u200b<\/p><\/div><\/div>\t\t\t\t<\/div>\n\t\t\t\t<\/div>\n\t\t\t\t<\/div>\n\t\t<div class=\"elementor-element elementor-element-1b58551 e-con-full e-flex wpr-particle-no wpr-jarallax-no wpr-parallax-no wpr-sticky-section-no e-con e-child\" data-id=\"1b58551\" data-element_type=\"container\">\n\t\t\t\t<div class=\"elementor-element elementor-element-7681c12 elementor-position-top elementor-widget elementor-widget-image-box\" data-id=\"7681c12\" data-element_type=\"widget\" data-widget_type=\"image-box.default\">\n\t\t\t\t<div class=\"elementor-widget-container\">\n\t\t\t\t\t<div class=\"elementor-image-box-wrapper\"><figure class=\"elementor-image-box-img\"><img loading=\"lazy\" decoding=\"async\" width=\"684\" height=\"908\" src=\"https:\/\/awamamenities.com\/maroc\/wp-content\/uploads\/2025\/04\/Plan-de-travail-1-copie-39.webp\" class=\"attachment-full size-full wp-image-5546\" alt=\"\" srcset=\"https:\/\/awamamenities.com\/maroc\/wp-content\/uploads\/2025\/04\/Plan-de-travail-1-copie-39.webp 684w, https:\/\/awamamenities.com\/maroc\/wp-content\/uploads\/2025\/04\/Plan-de-travail-1-copie-39-226x300.webp 226w, https:\/\/awamamenities.com\/maroc\/wp-content\/uploads\/2025\/04\/Plan-de-travail-1-copie-39-200x266.webp 200w, https:\/\/awamamenities.com\/maroc\/wp-content\/uploads\/2025\/04\/Plan-de-travail-1-copie-39-360x479.webp 360w, https:\/\/awamamenities.com\/maroc\/wp-content\/uploads\/2025\/04\/Plan-de-travail-1-copie-39-512x681.webp 512w, https:\/\/awamamenities.com\/maroc\/wp-content\/uploads\/2025\/04\/Plan-de-travail-1-copie-39-600x796.webp 600w\" sizes=\"(max-width: 684px) 100vw, 684px\" \/><\/figure><div class=\"elementor-image-box-content\"><p class=\"elementor-image-box-title\">Lait Corporel<\/p><p class=\"elementor-image-box-description\">\u00e0 l'huile d'argan\u200b\u200b\u200b<\/p><\/div><\/div>\t\t\t\t<\/div>\n\t\t\t\t<\/div>\n\t\t\t\t<\/div>\n\t\t\t\t\t<\/div>\n\t\t\t\t<\/div>\n\t\t<div class=\"elementor-element elementor-element-a808f82 e-flex e-con-boxed wpr-particle-no wpr-jarallax-no wpr-parallax-no wpr-sticky-section-no e-con e-parent\" data-id=\"a808f82\" data-element_type=\"container\">\n\t\t\t\t\t<div class=\"e-con-inner\">\n\t\t\t\t<div class=\"elementor-element elementor-element-10382be elementor-widget elementor-widget-spacer\" data-id=\"10382be\" data-element_type=\"widget\" data-widget_type=\"spacer.default\">\n\t\t\t\t<div class=\"elementor-widget-container\">\n\t\t\t\t\t\t\t<div class=\"elementor-spacer\">\n\t\t\t<div class=\"elementor-spacer-inner\"><\/div>\n\t\t<\/div>\n\t\t\t\t\t\t<\/div>\n\t\t\t\t<\/div>\n\t\t\t\t<div class=\"elementor-element elementor-element-2447773 elementor-widget elementor-widget-heading\" data-id=\"2447773\" data-element_type=\"widget\" data-widget_type=\"heading.default\">\n\t\t\t\t<div class=\"elementor-widget-container\">\n\t\t\t\t\t<h5 class=\"elementor-heading-title elementor-size-default\">MAISON DE L'ARGANIER \/ <span style=\"font-weight:300\">  pi\u00e8ce de 20 g<\/span><\/h5>\t\t\t\t<\/div>\n\t\t\t\t<\/div>\n\t\t\t\t\t<\/div>\n\t\t\t\t<\/div>\n\t\t<div class=\"elementor-element elementor-element-e180954 e-grid e-con-boxed wpr-particle-no wpr-jarallax-no wpr-parallax-no wpr-sticky-section-no e-con e-parent\" data-id=\"e180954\" data-element_type=\"container\">\n\t\t\t\t\t<div class=\"e-con-inner\">\n\t\t<div class=\"elementor-element elementor-element-08f415a e-con-full e-flex wpr-particle-no wpr-jarallax-no wpr-parallax-no wpr-sticky-section-no e-con e-child\" data-id=\"08f415a\" data-element_type=\"container\">\n\t\t\t\t<div class=\"elementor-element elementor-element-2974a98 elementor-position-top elementor-widget elementor-widget-image-box\" data-id=\"2974a98\" data-element_type=\"widget\" data-widget_type=\"image-box.default\">\n\t\t\t\t<div class=\"elementor-widget-container\">\n\t\t\t\t\t<div class=\"elementor-image-box-wrapper\"><figure class=\"elementor-image-box-img\"><img loading=\"lazy\" decoding=\"async\" width=\"684\" height=\"908\" src=\"https:\/\/awamamenities.com\/maroc\/wp-content\/uploads\/2025\/04\/Plan-de-travail-1-copie-35.webp\" class=\"attachment-full size-full wp-image-5542\" alt=\"\" srcset=\"https:\/\/awamamenities.com\/maroc\/wp-content\/uploads\/2025\/04\/Plan-de-travail-1-copie-35.webp 684w, https:\/\/awamamenities.com\/maroc\/wp-content\/uploads\/2025\/04\/Plan-de-travail-1-copie-35-226x300.webp 226w, https:\/\/awamamenities.com\/maroc\/wp-content\/uploads\/2025\/04\/Plan-de-travail-1-copie-35-200x266.webp 200w, https:\/\/awamamenities.com\/maroc\/wp-content\/uploads\/2025\/04\/Plan-de-travail-1-copie-35-360x479.webp 360w, https:\/\/awamamenities.com\/maroc\/wp-content\/uploads\/2025\/04\/Plan-de-travail-1-copie-35-512x681.webp 512w, https:\/\/awamamenities.com\/maroc\/wp-content\/uploads\/2025\/04\/Plan-de-travail-1-copie-35-600x796.webp 600w\" sizes=\"(max-width: 684px) 100vw, 684px\" \/><\/figure><div class=\"elementor-image-box-content\"><p class=\"elementor-image-box-title\">Savon Pliss\u00e9 <\/p><p class=\"elementor-image-box-description\">\u00e0 l'huile d'argan<\/p><\/div><\/div>\t\t\t\t<\/div>\n\t\t\t\t<\/div>\n\t\t\t\t<\/div>\n\t\t\t\t\t<\/div>\n\t\t\t\t<\/div>\n\t\t\t\t<\/div>\n\t\t","protected":false},"excerpt":{"rendered":"<p>L&rsquo;huile d&rsquo;argan, tr\u00e9sor mill\u00e9naire, hydrate et r\u00e9g\u00e9n\u00e8re la peau, offrant une douceur et un bien-\u00eatre inspir\u00e9s par la nature. \u00a0 MAISON DE L&rsquo;ARGANIER\/ flacon de 40 ml Apr\u00e8s Shampooing \u00e0 l&rsquo;huile d&rsquo;argan Shampooing \u00e0 l&rsquo;huile d&rsquo;argan\u200b Gel Bain Douche \u00e0 l&rsquo;huile d&rsquo;argan\u200b\u200b Lait Corporel \u00e0 l&rsquo;huile d&rsquo;argan\u200b\u200b\u200b MAISON DE L&rsquo;ARGANIER \/ pi\u00e8ce de 20 g Savon Pliss\u00e9 \u00e0 l&rsquo;huile d&rsquo;argan<\/p>\n","protected":false},"author":1,"featured_media":0,"parent":0,"menu_order":0,"comment_status":"closed","ping_status":"closed","template":"","meta":{"footnotes":""},"class_list":["post-8620","page","type-page","status-publish","hentry"],"acf":[],"aioseo_notices":[],"_links":{"self":[{"href":"https:\/\/awamamenities.com\/maroc\/wp-json\/wp\/v2\/pages\/8620","targetHints":{"allow":["GET"]}}],"collection":[{"href":"https:\/\/awamamenities.com\/maroc\/wp-json\/wp\/v2\/pages"}],"about":[{"href":"https:\/\/awamamenities.com\/maroc\/wp-json\/wp\/v2\/types\/page"}],"author":[{"embeddable":true,"href":"https:\/\/awamamenities.com\/maroc\/wp-json\/wp\/v2\/users\/1"}],"replies":[{"embeddable":true,"href":"https:\/\/awamamenities.com\/maroc\/wp-json\/wp\/v2\/comments?post=8620"}],"version-history":[{"count":52,"href":"https:\/\/awamamenities.com\/maroc\/wp-json\/wp\/v2\/pages\/8620\/revisions"}],"predecessor-version":[{"id":9517,"href":"https:\/\/awamamenities.com\/maroc\/wp-json\/wp\/v2\/pages\/8620\/revisions\/9517"}],"wp:attachment":[{"href":"https:\/\/awamamenities.com\/maroc\/wp-json\/wp\/v2\/media?parent=8620"}],"curies":[{"name":"wp","href":"https:\/\/api.w.org\/{rel}","templated":true}]}}