{"id":8604,"date":"2025-06-27T17:52:44","date_gmt":"2025-06-27T15:52:44","guid":{"rendered":"https:\/\/awamamenities.com\/maroc\/?page_id=8604"},"modified":"2025-08-18T16:12:48","modified_gmt":"2025-08-18T14:12:48","slug":"bo","status":"publish","type":"page","link":"https:\/\/awamamenities.com\/maroc\/bo\/","title":{"rendered":"B\u00d4"},"content":{"rendered":"\t\t<div data-elementor-type=\"wp-page\" data-elementor-id=\"8604\" class=\"elementor elementor-8604\">\n\t\t\t\t\t\t<section class=\"elementor-section elementor-top-section elementor-element elementor-element-41f207c elementor-section-height-min-height elementor-section-boxed elementor-section-height-default elementor-section-items-middle wpr-particle-no wpr-jarallax-no wpr-parallax-no wpr-sticky-section-no\" data-id=\"41f207c\" data-element_type=\"section\" data-settings=\"{&quot;background_background&quot;:&quot;classic&quot;}\">\n\t\t\t\t\t\t<div class=\"elementor-container elementor-column-gap-extended\">\n\t\t\t\t\t<div class=\"elementor-column elementor-col-100 elementor-top-column elementor-element elementor-element-d7c8643\" data-id=\"d7c8643\" data-element_type=\"column\">\n\t\t\t<div class=\"elementor-widget-wrap elementor-element-populated\">\n\t\t\t\t\t\t<div class=\"elementor-element elementor-element-a916cbd elementor-widget elementor-widget-image\" data-id=\"a916cbd\" data-element_type=\"widget\" data-widget_type=\"image.default\">\n\t\t\t\t<div class=\"elementor-widget-container\">\n\t\t\t\t\t\t\t\t\t\t\t\t\t\t\t<img decoding=\"async\" width=\"85\" height=\"114\" src=\"https:\/\/awamamenities.com\/maroc\/wp-content\/uploads\/2025\/05\/Plan-de-travail-1-copie-4.svg\" class=\"attachment-large size-large wp-image-7875\" alt=\"\" \/>\t\t\t\t\t\t\t\t\t\t\t\t\t\t\t<\/div>\n\t\t\t\t<\/div>\n\t\t\t\t<div class=\"elementor-element elementor-element-1d968e7 elementor-widget__width-initial elementor-widget elementor-widget-text-editor\" data-id=\"1d968e7\" data-element_type=\"widget\" data-widget_type=\"text-editor.default\">\n\t\t\t\t<div class=\"elementor-widget-container\">\n\t\t\t\t\t\t\t\t\t<p>Un parfum gourmand et l\u00e9ger, aux couleurs tendances et au design \u00e9pur\u00e9, offrant une exp\u00e9rience sensorielle raffin\u00e9e et originale.<\/p>\t\t\t\t\t\t\t\t<\/div>\n\t\t\t\t<\/div>\n\t\t<div class=\"elementor-element elementor-element-dd287c3 e-flex e-con-boxed wpr-particle-no wpr-jarallax-no wpr-parallax-no wpr-sticky-section-no e-con e-parent\" data-id=\"dd287c3\" data-element_type=\"container\" data-settings=\"{&quot;background_background&quot;:&quot;classic&quot;}\">\n\t\t\t\t\t<div class=\"e-con-inner\">\n\t\t\t\t<div class=\"elementor-element elementor-element-e48a03b elementor-widget elementor-widget-spacer\" data-id=\"e48a03b\" data-element_type=\"widget\" data-widget_type=\"spacer.default\">\n\t\t\t\t<div class=\"elementor-widget-container\">\n\t\t\t\t\t\t\t<div class=\"elementor-spacer\">\n\t\t\t<div class=\"elementor-spacer-inner\"><\/div>\n\t\t<\/div>\n\t\t\t\t\t\t<\/div>\n\t\t\t\t<\/div>\n\t\t\t\t\t<\/div>\n\t\t\t\t<\/div>\n\t\t\t\t\t<\/div>\n\t\t<\/div>\n\t\t\t\t\t<\/div>\n\t\t<\/section>\n\t\t        <div class=\"elementor-element elementor-element-0fce1ef e-flex e-con-boxed wpr-particle-no wpr-jarallax-no wpr-parallax-no wpr-sticky-section-no e-con e-parent\" data-id=\"0fce1ef\" data-element_type=\"container\" data-settings=\"{&quot;background_background&quot;:&quot;classic&quot;}\">\n\t\t\t\t\t<div class=\"e-con-inner\">\n\t\t\t\t<div class=\"elementor-element elementor-element-72043cb elementor-widget elementor-widget-spacer\" data-id=\"72043cb\" data-element_type=\"widget\" data-widget_type=\"spacer.default\">\n\t\t\t\t<div class=\"elementor-widget-container\">\n\t\t\t\t\t\t\t<div class=\"elementor-spacer\">\n\t\t\t<div class=\"elementor-spacer-inner\"><\/div>\n\t\t<\/div>\n\t\t\t\t\t\t<\/div>\n\t\t\t\t<\/div>\n\t\t<div class=\"elementor-element elementor-element-7713940 e-con-full e-flex wpr-particle-no wpr-jarallax-no wpr-parallax-no wpr-sticky-section-no e-con e-child\" data-id=\"7713940\" data-element_type=\"container\">\n\t\t\t\t<div class=\"elementor-element elementor-element-3da3437 elementor-widget elementor-widget-heading\" data-id=\"3da3437\" data-element_type=\"widget\" data-widget_type=\"heading.default\">\n\t\t\t\t<div class=\"elementor-widget-container\">\n\t\t\t\t\t<h5 class=\"elementor-heading-title elementor-size-default\">B\u00d4 \/ <span style=\"font-weight:300\">flacon de 30 ml<\/span><\/h5>\t\t\t\t<\/div>\n\t\t\t\t<\/div>\n\t\t<div class=\"elementor-element elementor-element-b795184 e-grid e-con-full wpr-particle-no wpr-jarallax-no wpr-parallax-no wpr-sticky-section-no e-con e-child\" data-id=\"b795184\" data-element_type=\"container\">\n\t\t<div class=\"elementor-element elementor-element-fa05a7c e-con-full e-flex wpr-particle-no wpr-jarallax-no wpr-parallax-no wpr-sticky-section-no e-con e-child\" data-id=\"fa05a7c\" data-element_type=\"container\">\n\t\t\t\t<div class=\"elementor-element elementor-element-692e924 elementor-position-top elementor-widget elementor-widget-image-box\" data-id=\"692e924\" data-element_type=\"widget\" data-widget_type=\"image-box.default\">\n\t\t\t\t<div class=\"elementor-widget-container\">\n\t\t\t\t\t<div class=\"elementor-image-box-wrapper\"><figure class=\"elementor-image-box-img\"><img fetchpriority=\"high\" decoding=\"async\" width=\"684\" height=\"908\" src=\"https:\/\/awamamenities.com\/maroc\/wp-content\/uploads\/2025\/04\/Plan-de-travail-1-copie-34.webp\" class=\"attachment-full size-full wp-image-5541\" alt=\"\" srcset=\"https:\/\/awamamenities.com\/maroc\/wp-content\/uploads\/2025\/04\/Plan-de-travail-1-copie-34.webp 684w, https:\/\/awamamenities.com\/maroc\/wp-content\/uploads\/2025\/04\/Plan-de-travail-1-copie-34-226x300.webp 226w, https:\/\/awamamenities.com\/maroc\/wp-content\/uploads\/2025\/04\/Plan-de-travail-1-copie-34-200x266.webp 200w, https:\/\/awamamenities.com\/maroc\/wp-content\/uploads\/2025\/04\/Plan-de-travail-1-copie-34-360x479.webp 360w, https:\/\/awamamenities.com\/maroc\/wp-content\/uploads\/2025\/04\/Plan-de-travail-1-copie-34-512x681.webp 512w, https:\/\/awamamenities.com\/maroc\/wp-content\/uploads\/2025\/04\/Plan-de-travail-1-copie-34-600x796.webp 600w\" sizes=\"(max-width: 684px) 100vw, 684px\" \/><\/figure><div class=\"elementor-image-box-content\"><p class=\"elementor-image-box-title\">Shampooing<\/p><p class=\"elementor-image-box-description\">parfum floral frais<\/p><\/div><\/div>\t\t\t\t<\/div>\n\t\t\t\t<\/div>\n\t\t\t\t<\/div>\n\t\t<div class=\"elementor-element elementor-element-4aade3b e-con-full e-flex wpr-particle-no wpr-jarallax-no wpr-parallax-no wpr-sticky-section-no e-con e-child\" data-id=\"4aade3b\" data-element_type=\"container\">\n\t\t\t\t<div class=\"elementor-element elementor-element-6084428 elementor-position-top elementor-widget elementor-widget-image-box\" data-id=\"6084428\" data-element_type=\"widget\" data-widget_type=\"image-box.default\">\n\t\t\t\t<div class=\"elementor-widget-container\">\n\t\t\t\t\t<div class=\"elementor-image-box-wrapper\"><figure class=\"elementor-image-box-img\"><img decoding=\"async\" width=\"684\" height=\"908\" src=\"https:\/\/awamamenities.com\/maroc\/wp-content\/uploads\/2025\/04\/Plan-de-travail-1-copie-40.webp\" class=\"attachment-full size-full wp-image-5547\" alt=\"\" srcset=\"https:\/\/awamamenities.com\/maroc\/wp-content\/uploads\/2025\/04\/Plan-de-travail-1-copie-40.webp 684w, https:\/\/awamamenities.com\/maroc\/wp-content\/uploads\/2025\/04\/Plan-de-travail-1-copie-40-226x300.webp 226w, https:\/\/awamamenities.com\/maroc\/wp-content\/uploads\/2025\/04\/Plan-de-travail-1-copie-40-200x266.webp 200w, https:\/\/awamamenities.com\/maroc\/wp-content\/uploads\/2025\/04\/Plan-de-travail-1-copie-40-360x479.webp 360w, https:\/\/awamamenities.com\/maroc\/wp-content\/uploads\/2025\/04\/Plan-de-travail-1-copie-40-512x681.webp 512w, https:\/\/awamamenities.com\/maroc\/wp-content\/uploads\/2025\/04\/Plan-de-travail-1-copie-40-600x796.webp 600w\" sizes=\"(max-width: 684px) 100vw, 684px\" \/><\/figure><div class=\"elementor-image-box-content\"><p class=\"elementor-image-box-title\">Gel Bain Douche <\/p><p class=\"elementor-image-box-description\">parfum floral frais<\/p><\/div><\/div>\t\t\t\t<\/div>\n\t\t\t\t<\/div>\n\t\t\t\t<\/div>\n\t\t<div class=\"elementor-element elementor-element-afbd8f0 e-con-full e-flex wpr-particle-no wpr-jarallax-no wpr-parallax-no wpr-sticky-section-no e-con e-child\" data-id=\"afbd8f0\" data-element_type=\"container\">\n\t\t\t\t<div class=\"elementor-element elementor-element-afd68cc elementor-position-top elementor-widget elementor-widget-image-box\" data-id=\"afd68cc\" data-element_type=\"widget\" data-widget_type=\"image-box.default\">\n\t\t\t\t<div class=\"elementor-widget-container\">\n\t\t\t\t\t<div class=\"elementor-image-box-wrapper\"><figure class=\"elementor-image-box-img\"><img loading=\"lazy\" decoding=\"async\" width=\"684\" height=\"908\" src=\"https:\/\/awamamenities.com\/maroc\/wp-content\/uploads\/2025\/04\/Plan-de-travail-1-copie-41.webp\" class=\"attachment-full size-full wp-image-5548\" alt=\"\" srcset=\"https:\/\/awamamenities.com\/maroc\/wp-content\/uploads\/2025\/04\/Plan-de-travail-1-copie-41.webp 684w, https:\/\/awamamenities.com\/maroc\/wp-content\/uploads\/2025\/04\/Plan-de-travail-1-copie-41-226x300.webp 226w, https:\/\/awamamenities.com\/maroc\/wp-content\/uploads\/2025\/04\/Plan-de-travail-1-copie-41-200x266.webp 200w, https:\/\/awamamenities.com\/maroc\/wp-content\/uploads\/2025\/04\/Plan-de-travail-1-copie-41-360x479.webp 360w, https:\/\/awamamenities.com\/maroc\/wp-content\/uploads\/2025\/04\/Plan-de-travail-1-copie-41-512x681.webp 512w, https:\/\/awamamenities.com\/maroc\/wp-content\/uploads\/2025\/04\/Plan-de-travail-1-copie-41-600x796.webp 600w\" sizes=\"(max-width: 684px) 100vw, 684px\" \/><\/figure><div class=\"elementor-image-box-content\"><p class=\"elementor-image-box-title\">Lait Corporel<\/p><p class=\"elementor-image-box-description\">parfum floral frais<\/p><\/div><\/div>\t\t\t\t<\/div>\n\t\t\t\t<\/div>\n\t\t\t\t<\/div>\n\t\t\t\t<\/div>\n\t\t\t\t<\/div>\n\t\t\t\t\t<\/div>\n\t\t\t\t<\/div>\n\t\t<div class=\"elementor-element elementor-element-6c5dce7 e-flex e-con-boxed wpr-particle-no wpr-jarallax-no wpr-parallax-no wpr-sticky-section-no e-con e-parent\" data-id=\"6c5dce7\" data-element_type=\"container\">\n\t\t\t\t\t<div class=\"e-con-inner\">\n\t\t\t\t<div class=\"elementor-element elementor-element-f7b9de3 elementor-widget elementor-widget-spacer\" data-id=\"f7b9de3\" data-element_type=\"widget\" data-widget_type=\"spacer.default\">\n\t\t\t\t<div class=\"elementor-widget-container\">\n\t\t\t\t\t\t\t<div class=\"elementor-spacer\">\n\t\t\t<div class=\"elementor-spacer-inner\"><\/div>\n\t\t<\/div>\n\t\t\t\t\t\t<\/div>\n\t\t\t\t<\/div>\n\t\t\t\t<div class=\"elementor-element elementor-element-ab3a006 elementor-widget elementor-widget-heading\" data-id=\"ab3a006\" data-element_type=\"widget\" data-widget_type=\"heading.default\">\n\t\t\t\t<div class=\"elementor-widget-container\">\n\t\t\t\t\t<h5 class=\"elementor-heading-title elementor-size-default\">B\u00d4 \/<span style=\"font-weight:300\"> pi\u00e8ce de 20 g<\/span>\n<\/h5>\t\t\t\t<\/div>\n\t\t\t\t<\/div>\n\t\t<div class=\"elementor-element elementor-element-5eaaa2e e-grid e-con-full wpr-particle-no wpr-jarallax-no wpr-parallax-no wpr-sticky-section-no e-con e-child\" data-id=\"5eaaa2e\" data-element_type=\"container\">\n\t\t<div class=\"elementor-element elementor-element-2380f4f e-con-full e-flex wpr-particle-no wpr-jarallax-no wpr-parallax-no wpr-sticky-section-no e-con e-child\" data-id=\"2380f4f\" data-element_type=\"container\">\n\t\t\t\t<div class=\"elementor-element elementor-element-6754b63 elementor-position-top elementor-widget elementor-widget-image-box\" data-id=\"6754b63\" data-element_type=\"widget\" data-widget_type=\"image-box.default\">\n\t\t\t\t<div class=\"elementor-widget-container\">\n\t\t\t\t\t<div class=\"elementor-image-box-wrapper\"><figure class=\"elementor-image-box-img\"><img loading=\"lazy\" decoding=\"async\" width=\"684\" height=\"908\" src=\"https:\/\/awamamenities.com\/maroc\/wp-content\/uploads\/2025\/04\/Plan-de-travail-1-copie-33.webp\" class=\"attachment-full size-full wp-image-5540\" alt=\"\" srcset=\"https:\/\/awamamenities.com\/maroc\/wp-content\/uploads\/2025\/04\/Plan-de-travail-1-copie-33.webp 684w, https:\/\/awamamenities.com\/maroc\/wp-content\/uploads\/2025\/04\/Plan-de-travail-1-copie-33-226x300.webp 226w, https:\/\/awamamenities.com\/maroc\/wp-content\/uploads\/2025\/04\/Plan-de-travail-1-copie-33-200x266.webp 200w, https:\/\/awamamenities.com\/maroc\/wp-content\/uploads\/2025\/04\/Plan-de-travail-1-copie-33-360x479.webp 360w, https:\/\/awamamenities.com\/maroc\/wp-content\/uploads\/2025\/04\/Plan-de-travail-1-copie-33-512x681.webp 512w, https:\/\/awamamenities.com\/maroc\/wp-content\/uploads\/2025\/04\/Plan-de-travail-1-copie-33-600x796.webp 600w\" sizes=\"(max-width: 684px) 100vw, 684px\" \/><\/figure><div class=\"elementor-image-box-content\"><p class=\"elementor-image-box-title\">Savon Flowpack<\/p><p class=\"elementor-image-box-description\">parfum floral frais<\/p><\/div><\/div>\t\t\t\t<\/div>\n\t\t\t\t<\/div>\n\t\t\t\t<\/div>\n\t\t\t\t<\/div>\n\t\t\t\t\t<\/div>\n\t\t\t\t<\/div>\n\t\t\t\t<\/div>\n\t\t","protected":false},"excerpt":{"rendered":"<p>Un parfum gourmand et l\u00e9ger, aux couleurs tendances et au design \u00e9pur\u00e9, offrant une exp\u00e9rience sensorielle raffin\u00e9e et originale. B\u00d4 \/ flacon de 30 ml Shampooing parfum floral frais Gel Bain Douche parfum floral frais Lait Corporel parfum floral frais B\u00d4 \/ pi\u00e8ce de 20 g Savon Flowpack parfum floral frais<\/p>\n","protected":false},"author":1,"featured_media":0,"parent":0,"menu_order":0,"comment_status":"closed","ping_status":"closed","template":"","meta":{"footnotes":""},"class_list":["post-8604","page","type-page","status-publish","hentry"],"acf":[],"aioseo_notices":[],"_links":{"self":[{"href":"https:\/\/awamamenities.com\/maroc\/wp-json\/wp\/v2\/pages\/8604","targetHints":{"allow":["GET"]}}],"collection":[{"href":"https:\/\/awamamenities.com\/maroc\/wp-json\/wp\/v2\/pages"}],"about":[{"href":"https:\/\/awamamenities.com\/maroc\/wp-json\/wp\/v2\/types\/page"}],"author":[{"embeddable":true,"href":"https:\/\/awamamenities.com\/maroc\/wp-json\/wp\/v2\/users\/1"}],"replies":[{"embeddable":true,"href":"https:\/\/awamamenities.com\/maroc\/wp-json\/wp\/v2\/comments?post=8604"}],"version-history":[{"count":16,"href":"https:\/\/awamamenities.com\/maroc\/wp-json\/wp\/v2\/pages\/8604\/revisions"}],"predecessor-version":[{"id":9397,"href":"https:\/\/awamamenities.com\/maroc\/wp-json\/wp\/v2\/pages\/8604\/revisions\/9397"}],"wp:attachment":[{"href":"https:\/\/awamamenities.com\/maroc\/wp-json\/wp\/v2\/media?parent=8604"}],"curies":[{"name":"wp","href":"https:\/\/api.w.org\/{rel}","templated":true}]}}