{"id":8596,"date":"2025-06-27T17:38:02","date_gmt":"2025-06-27T15:38:02","guid":{"rendered":"https:\/\/awamamenities.com\/maroc\/?page_id=8596"},"modified":"2025-08-18T17:05:15","modified_gmt":"2025-08-18T15:05:15","slug":"jasmin-vanilla","status":"publish","type":"page","link":"https:\/\/awamamenities.com\/maroc\/jasmin-vanilla\/","title":{"rendered":"Jasmin&#038;Vanilla"},"content":{"rendered":"\t\t<div data-elementor-type=\"wp-page\" data-elementor-id=\"8596\" class=\"elementor elementor-8596\">\n\t\t\t\t\t\t<section class=\"elementor-section elementor-top-section elementor-element elementor-element-41f207c elementor-section-height-min-height elementor-section-boxed elementor-section-height-default elementor-section-items-middle wpr-particle-no wpr-jarallax-no wpr-parallax-no wpr-sticky-section-no\" data-id=\"41f207c\" data-element_type=\"section\" data-settings=\"{&quot;background_background&quot;:&quot;classic&quot;}\">\n\t\t\t\t\t\t<div class=\"elementor-container elementor-column-gap-extended\">\n\t\t\t\t\t<div class=\"elementor-column elementor-col-100 elementor-top-column elementor-element elementor-element-d7c8643\" data-id=\"d7c8643\" data-element_type=\"column\">\n\t\t\t<div class=\"elementor-widget-wrap elementor-element-populated\">\n\t\t\t\t\t\t<div class=\"elementor-element elementor-element-a916cbd elementor-widget elementor-widget-image\" data-id=\"a916cbd\" data-element_type=\"widget\" data-widget_type=\"image.default\">\n\t\t\t\t<div class=\"elementor-widget-container\">\n\t\t\t\t\t\t\t\t\t\t\t\t\t\t\t<img decoding=\"async\" width=\"118\" height=\"114\" src=\"https:\/\/awamamenities.com\/maroc\/wp-content\/uploads\/2025\/05\/Plan-de-travail-1-copie-5-1.svg\" class=\"attachment-large size-large wp-image-7874\" alt=\"\" \/>\t\t\t\t\t\t\t\t\t\t\t\t\t\t\t<\/div>\n\t\t\t\t<\/div>\n\t\t\t\t<div class=\"elementor-element elementor-element-1d968e7 elementor-widget__width-initial elementor-widget elementor-widget-text-editor\" data-id=\"1d968e7\" data-element_type=\"widget\" data-widget_type=\"text-editor.default\">\n\t\t\t\t<div class=\"elementor-widget-container\">\n\t\t\t\t\t\t\t\t\t<p>Une \u00e9treinte m\u00e9diterran\u00e9enne o\u00f9 le jasmin et la vanille se m\u00ealent avec douceur, offrant un instant de s\u00e9r\u00e9nit\u00e9.\u00a0<\/p>\t\t\t\t\t\t\t\t<\/div>\n\t\t\t\t<\/div>\n\t\t<div class=\"elementor-element elementor-element-dd287c3 e-flex e-con-boxed wpr-particle-no wpr-jarallax-no wpr-parallax-no wpr-sticky-section-no e-con e-parent\" data-id=\"dd287c3\" data-element_type=\"container\" data-settings=\"{&quot;background_background&quot;:&quot;classic&quot;}\">\n\t\t\t\t\t<div class=\"e-con-inner\">\n\t\t\t\t<div class=\"elementor-element elementor-element-e48a03b elementor-widget elementor-widget-spacer\" data-id=\"e48a03b\" data-element_type=\"widget\" data-widget_type=\"spacer.default\">\n\t\t\t\t<div class=\"elementor-widget-container\">\n\t\t\t\t\t\t\t<div class=\"elementor-spacer\">\n\t\t\t<div class=\"elementor-spacer-inner\"><\/div>\n\t\t<\/div>\n\t\t\t\t\t\t<\/div>\n\t\t\t\t<\/div>\n\t\t\t\t\t<\/div>\n\t\t\t\t<\/div>\n\t\t\t\t\t<\/div>\n\t\t<\/div>\n\t\t\t\t\t<\/div>\n\t\t<\/section>\n\t\t        <div class=\"elementor-element elementor-element-34ae0a7 e-flex e-con-boxed wpr-particle-no wpr-jarallax-no wpr-parallax-no wpr-sticky-section-no e-con e-parent\" data-id=\"34ae0a7\" data-element_type=\"container\" data-settings=\"{&quot;background_background&quot;:&quot;classic&quot;}\">\n\t\t\t\t\t<div class=\"e-con-inner\">\n\t\t\t\t<div class=\"elementor-element elementor-element-cc92619 elementor-widget elementor-widget-spacer\" data-id=\"cc92619\" data-element_type=\"widget\" data-widget_type=\"spacer.default\">\n\t\t\t\t<div class=\"elementor-widget-container\">\n\t\t\t\t\t\t\t<div class=\"elementor-spacer\">\n\t\t\t<div class=\"elementor-spacer-inner\"><\/div>\n\t\t<\/div>\n\t\t\t\t\t\t<\/div>\n\t\t\t\t<\/div>\n\t\t\t\t\t<\/div>\n\t\t\t\t<\/div>\n\t\t<div class=\"elementor-element elementor-element-1bfcca1 e-flex e-con-boxed wpr-particle-no wpr-jarallax-no wpr-parallax-no wpr-sticky-section-no e-con e-parent\" data-id=\"1bfcca1\" data-element_type=\"container\">\n\t\t\t\t\t<div class=\"e-con-inner\">\n\t\t\t\t<div class=\"elementor-element elementor-element-e8fc4d1 elementor-widget elementor-widget-heading\" data-id=\"e8fc4d1\" data-element_type=\"widget\" data-widget_type=\"heading.default\">\n\t\t\t\t<div class=\"elementor-widget-container\">\n\t\t\t\t\t<h5 class=\"elementor-heading-title elementor-size-default\">JASMIN &amp; VANILLA\/ <span style=\"font-weight:300\">flacon de 20 ml<\/span><\/h5>\t\t\t\t<\/div>\n\t\t\t\t<\/div>\n\t\t\t\t\t<\/div>\n\t\t\t\t<\/div>\n\t\t<div class=\"elementor-element elementor-element-d465e0c e-grid e-con-boxed wpr-particle-no wpr-jarallax-no wpr-parallax-no wpr-sticky-section-no e-con e-parent\" data-id=\"d465e0c\" data-element_type=\"container\">\n\t\t\t\t\t<div class=\"e-con-inner\">\n\t\t<div class=\"elementor-element elementor-element-b532515 e-con-full e-flex wpr-particle-no wpr-jarallax-no wpr-parallax-no wpr-sticky-section-no e-con e-child\" data-id=\"b532515\" data-element_type=\"container\">\n\t\t\t\t<div class=\"elementor-element elementor-element-11365ce elementor-position-top elementor-widget elementor-widget-image-box\" data-id=\"11365ce\" data-element_type=\"widget\" data-widget_type=\"image-box.default\">\n\t\t\t\t<div class=\"elementor-widget-container\">\n\t\t\t\t\t<div class=\"elementor-image-box-wrapper\"><figure class=\"elementor-image-box-img\"><img fetchpriority=\"high\" decoding=\"async\" width=\"684\" height=\"908\" src=\"https:\/\/awamamenities.com\/maroc\/wp-content\/uploads\/2025\/04\/Plan-de-travail-1-copie-48.webp\" class=\"attachment-full size-full wp-image-5555\" alt=\"\" srcset=\"https:\/\/awamamenities.com\/maroc\/wp-content\/uploads\/2025\/04\/Plan-de-travail-1-copie-48.webp 684w, https:\/\/awamamenities.com\/maroc\/wp-content\/uploads\/2025\/04\/Plan-de-travail-1-copie-48-226x300.webp 226w, https:\/\/awamamenities.com\/maroc\/wp-content\/uploads\/2025\/04\/Plan-de-travail-1-copie-48-200x266.webp 200w, https:\/\/awamamenities.com\/maroc\/wp-content\/uploads\/2025\/04\/Plan-de-travail-1-copie-48-360x479.webp 360w, https:\/\/awamamenities.com\/maroc\/wp-content\/uploads\/2025\/04\/Plan-de-travail-1-copie-48-512x681.webp 512w, https:\/\/awamamenities.com\/maroc\/wp-content\/uploads\/2025\/04\/Plan-de-travail-1-copie-48-600x796.webp 600w\" sizes=\"(max-width: 684px) 100vw, 684px\" \/><\/figure><div class=\"elementor-image-box-content\"><p class=\"elementor-image-box-title\">Shampoing<\/p><p class=\"elementor-image-box-description\">au jasmin et \u00e0 la vanille<\/p><\/div><\/div>\t\t\t\t<\/div>\n\t\t\t\t<\/div>\n\t\t\t\t<\/div>\n\t\t<div class=\"elementor-element elementor-element-58a069f e-con-full e-flex wpr-particle-no wpr-jarallax-no wpr-parallax-no wpr-sticky-section-no e-con e-child\" data-id=\"58a069f\" data-element_type=\"container\">\n\t\t\t\t<div class=\"elementor-element elementor-element-7895866 elementor-position-top elementor-widget elementor-widget-image-box\" data-id=\"7895866\" data-element_type=\"widget\" data-widget_type=\"image-box.default\">\n\t\t\t\t<div class=\"elementor-widget-container\">\n\t\t\t\t\t<div class=\"elementor-image-box-wrapper\"><figure class=\"elementor-image-box-img\"><img decoding=\"async\" width=\"684\" height=\"908\" src=\"https:\/\/awamamenities.com\/maroc\/wp-content\/uploads\/2025\/04\/Plan-de-travail-1-copie-55.webp\" class=\"attachment-full size-full wp-image-5562\" alt=\"\" srcset=\"https:\/\/awamamenities.com\/maroc\/wp-content\/uploads\/2025\/04\/Plan-de-travail-1-copie-55.webp 684w, https:\/\/awamamenities.com\/maroc\/wp-content\/uploads\/2025\/04\/Plan-de-travail-1-copie-55-226x300.webp 226w, https:\/\/awamamenities.com\/maroc\/wp-content\/uploads\/2025\/04\/Plan-de-travail-1-copie-55-200x266.webp 200w, https:\/\/awamamenities.com\/maroc\/wp-content\/uploads\/2025\/04\/Plan-de-travail-1-copie-55-360x479.webp 360w, https:\/\/awamamenities.com\/maroc\/wp-content\/uploads\/2025\/04\/Plan-de-travail-1-copie-55-512x681.webp 512w, https:\/\/awamamenities.com\/maroc\/wp-content\/uploads\/2025\/04\/Plan-de-travail-1-copie-55-600x796.webp 600w\" sizes=\"(max-width: 684px) 100vw, 684px\" \/><\/figure><div class=\"elementor-image-box-content\"><p class=\"elementor-image-box-title\">Gel Bain Douche<\/p><p class=\"elementor-image-box-description\">au jasmin et \u00e0 la vanille<\/p><\/div><\/div>\t\t\t\t<\/div>\n\t\t\t\t<\/div>\n\t\t\t\t<\/div>\n\t\t<div class=\"elementor-element elementor-element-8e16095 e-con-full e-flex wpr-particle-no wpr-jarallax-no wpr-parallax-no wpr-sticky-section-no e-con e-child\" data-id=\"8e16095\" data-element_type=\"container\">\n\t\t\t\t<div class=\"elementor-element elementor-element-780ac31 elementor-position-top elementor-widget elementor-widget-image-box\" data-id=\"780ac31\" data-element_type=\"widget\" data-widget_type=\"image-box.default\">\n\t\t\t\t<div class=\"elementor-widget-container\">\n\t\t\t\t\t<div class=\"elementor-image-box-wrapper\"><figure class=\"elementor-image-box-img\"><img loading=\"lazy\" decoding=\"async\" width=\"684\" height=\"908\" src=\"https:\/\/awamamenities.com\/maroc\/wp-content\/uploads\/2025\/04\/Plan-de-travail-1-copie-54.webp\" class=\"attachment-full size-full wp-image-5561\" alt=\"\" srcset=\"https:\/\/awamamenities.com\/maroc\/wp-content\/uploads\/2025\/04\/Plan-de-travail-1-copie-54.webp 684w, https:\/\/awamamenities.com\/maroc\/wp-content\/uploads\/2025\/04\/Plan-de-travail-1-copie-54-226x300.webp 226w, https:\/\/awamamenities.com\/maroc\/wp-content\/uploads\/2025\/04\/Plan-de-travail-1-copie-54-200x266.webp 200w, https:\/\/awamamenities.com\/maroc\/wp-content\/uploads\/2025\/04\/Plan-de-travail-1-copie-54-360x479.webp 360w, https:\/\/awamamenities.com\/maroc\/wp-content\/uploads\/2025\/04\/Plan-de-travail-1-copie-54-512x681.webp 512w, https:\/\/awamamenities.com\/maroc\/wp-content\/uploads\/2025\/04\/Plan-de-travail-1-copie-54-600x796.webp 600w\" sizes=\"(max-width: 684px) 100vw, 684px\" \/><\/figure><div class=\"elementor-image-box-content\"><p class=\"elementor-image-box-title\">Lait Corporel<\/p><p class=\"elementor-image-box-description\">au jasmin et \u00e0 la vanille<\/p><\/div><\/div>\t\t\t\t<\/div>\n\t\t\t\t<\/div>\n\t\t\t\t<\/div>\n\t\t\t\t\t<\/div>\n\t\t\t\t<\/div>\n\t\t<div class=\"elementor-element elementor-element-d85af61 e-flex e-con-boxed wpr-particle-no wpr-jarallax-no wpr-parallax-no wpr-sticky-section-no e-con e-parent\" data-id=\"d85af61\" data-element_type=\"container\">\n\t\t\t\t\t<div class=\"e-con-inner\">\n\t\t\t\t<div class=\"elementor-element elementor-element-3e2f100 elementor-widget elementor-widget-spacer\" data-id=\"3e2f100\" data-element_type=\"widget\" data-widget_type=\"spacer.default\">\n\t\t\t\t<div class=\"elementor-widget-container\">\n\t\t\t\t\t\t\t<div class=\"elementor-spacer\">\n\t\t\t<div class=\"elementor-spacer-inner\"><\/div>\n\t\t<\/div>\n\t\t\t\t\t\t<\/div>\n\t\t\t\t<\/div>\n\t\t\t\t<div class=\"elementor-element elementor-element-54bf3f6 elementor-widget elementor-widget-heading\" data-id=\"54bf3f6\" data-element_type=\"widget\" data-widget_type=\"heading.default\">\n\t\t\t\t<div class=\"elementor-widget-container\">\n\t\t\t\t\t<h5 class=\"elementor-heading-title elementor-size-default\">JASMIN &amp; VANILLA\/<span style=\"font-weight:300\"> pi\u00e8ce de 15 g<\/span><\/h5>\t\t\t\t<\/div>\n\t\t\t\t<\/div>\n\t\t\t\t\t<\/div>\n\t\t\t\t<\/div>\n\t\t<div class=\"elementor-element elementor-element-4f0ef2f e-grid e-con-boxed wpr-particle-no wpr-jarallax-no wpr-parallax-no wpr-sticky-section-no e-con e-parent\" data-id=\"4f0ef2f\" data-element_type=\"container\">\n\t\t\t\t\t<div class=\"e-con-inner\">\n\t\t<div class=\"elementor-element elementor-element-62f55b1 e-con-full e-flex wpr-particle-no wpr-jarallax-no wpr-parallax-no wpr-sticky-section-no e-con e-child\" data-id=\"62f55b1\" data-element_type=\"container\">\n\t\t\t\t<div class=\"elementor-element elementor-element-3dc5fa2 elementor-position-top elementor-widget elementor-widget-image-box\" data-id=\"3dc5fa2\" data-element_type=\"widget\" data-widget_type=\"image-box.default\">\n\t\t\t\t<div class=\"elementor-widget-container\">\n\t\t\t\t\t<div class=\"elementor-image-box-wrapper\"><figure class=\"elementor-image-box-img\"><img loading=\"lazy\" decoding=\"async\" width=\"684\" height=\"908\" src=\"https:\/\/awamamenities.com\/maroc\/wp-content\/uploads\/2025\/04\/Plan-de-travail-1-copie-47.webp\" class=\"attachment-full size-full wp-image-5554\" alt=\"\" srcset=\"https:\/\/awamamenities.com\/maroc\/wp-content\/uploads\/2025\/04\/Plan-de-travail-1-copie-47.webp 684w, https:\/\/awamamenities.com\/maroc\/wp-content\/uploads\/2025\/04\/Plan-de-travail-1-copie-47-226x300.webp 226w, https:\/\/awamamenities.com\/maroc\/wp-content\/uploads\/2025\/04\/Plan-de-travail-1-copie-47-200x266.webp 200w, https:\/\/awamamenities.com\/maroc\/wp-content\/uploads\/2025\/04\/Plan-de-travail-1-copie-47-360x479.webp 360w, https:\/\/awamamenities.com\/maroc\/wp-content\/uploads\/2025\/04\/Plan-de-travail-1-copie-47-512x681.webp 512w, https:\/\/awamamenities.com\/maroc\/wp-content\/uploads\/2025\/04\/Plan-de-travail-1-copie-47-600x796.webp 600w\" sizes=\"(max-width: 684px) 100vw, 684px\" \/><\/figure><div class=\"elementor-image-box-content\"><p class=\"elementor-image-box-title\">Savon Flowpack<\/p><p class=\"elementor-image-box-description\">au jasmin et \u00e0 la vanille<\/p><\/div><\/div>\t\t\t\t<\/div>\n\t\t\t\t<\/div>\n\t\t\t\t<\/div>\n\t\t\t\t\t<\/div>\n\t\t\t\t<\/div>\n\t\t\t\t<\/div>\n\t\t","protected":false},"excerpt":{"rendered":"<p>Une \u00e9treinte m\u00e9diterran\u00e9enne o\u00f9 le jasmin et la vanille se m\u00ealent avec douceur, offrant un instant de s\u00e9r\u00e9nit\u00e9.\u00a0 JASMIN &amp; VANILLA\/ flacon de 20 ml Shampoing au jasmin et \u00e0 la vanille Gel Bain Douche au jasmin et \u00e0 la vanille Lait Corporel au jasmin et \u00e0 la vanille JASMIN &amp; VANILLA\/ pi\u00e8ce de 15 g Savon Flowpack au jasmin et \u00e0 la vanille<\/p>\n","protected":false},"author":1,"featured_media":0,"parent":0,"menu_order":0,"comment_status":"closed","ping_status":"closed","template":"","meta":{"footnotes":""},"class_list":["post-8596","page","type-page","status-publish","hentry"],"acf":[],"aioseo_notices":[],"_links":{"self":[{"href":"https:\/\/awamamenities.com\/maroc\/wp-json\/wp\/v2\/pages\/8596","targetHints":{"allow":["GET"]}}],"collection":[{"href":"https:\/\/awamamenities.com\/maroc\/wp-json\/wp\/v2\/pages"}],"about":[{"href":"https:\/\/awamamenities.com\/maroc\/wp-json\/wp\/v2\/types\/page"}],"author":[{"embeddable":true,"href":"https:\/\/awamamenities.com\/maroc\/wp-json\/wp\/v2\/users\/1"}],"replies":[{"embeddable":true,"href":"https:\/\/awamamenities.com\/maroc\/wp-json\/wp\/v2\/comments?post=8596"}],"version-history":[{"count":22,"href":"https:\/\/awamamenities.com\/maroc\/wp-json\/wp\/v2\/pages\/8596\/revisions"}],"predecessor-version":[{"id":9415,"href":"https:\/\/awamamenities.com\/maroc\/wp-json\/wp\/v2\/pages\/8596\/revisions\/9415"}],"wp:attachment":[{"href":"https:\/\/awamamenities.com\/maroc\/wp-json\/wp\/v2\/media?parent=8596"}],"curies":[{"name":"wp","href":"https:\/\/api.w.org\/{rel}","templated":true}]}}