{"id":6579,"date":"2025-04-23T16:19:41","date_gmt":"2025-04-23T14:19:41","guid":{"rendered":"https:\/\/awamamenities.com\/maroc\/?page_id=6579"},"modified":"2025-10-27T16:38:08","modified_gmt":"2025-10-27T15:38:08","slug":"dispenser-kimberly-clark","status":"publish","type":"page","link":"https:\/\/awamamenities.com\/maroc\/dispenser-kimberly-clark\/","title":{"rendered":"Dispenser Kimberly-Clark"},"content":{"rendered":"\t\t<div data-elementor-type=\"wp-page\" data-elementor-id=\"6579\" class=\"elementor elementor-6579\">\n\t\t\t\t\t\t<section class=\"elementor-section elementor-top-section elementor-element elementor-element-a468a01 elementor-section-height-min-height elementor-section-boxed elementor-section-height-default elementor-section-items-middle wpr-particle-no wpr-jarallax-no wpr-parallax-no wpr-sticky-section-no\" data-id=\"a468a01\" data-element_type=\"section\" data-settings=\"{&quot;background_background&quot;:&quot;classic&quot;}\">\n\t\t\t\t\t\t\t<div class=\"elementor-background-overlay\"><\/div>\n\t\t\t\t\t\t\t<div class=\"elementor-container elementor-column-gap-extended\">\n\t\t\t\t\t<div class=\"elementor-column elementor-col-100 elementor-top-column elementor-element elementor-element-958deb3\" data-id=\"958deb3\" data-element_type=\"column\">\n\t\t\t<div class=\"elementor-widget-wrap elementor-element-populated\">\n\t\t\t\t\t\t<div class=\"elementor-element elementor-element-78527a9 elementor-widget__width-initial elementor-widget-mobile__width-initial elementor-widget elementor-widget-heading\" data-id=\"78527a9\" data-element_type=\"widget\" data-widget_type=\"heading.default\">\n\t\t\t\t<div class=\"elementor-widget-container\">\n\t\t\t\t\t<h1 class=\"elementor-heading-title elementor-size-default\">Dispenser Kimberly-Clark<\/h1>\t\t\t\t<\/div>\n\t\t\t\t<\/div>\n\t\t\t\t<div class=\"elementor-element elementor-element-a06af59 elementor-widget__width-initial elementor-widget-mobile_extra__width-initial elementor-widget-mobile__width-initial elementor-widget elementor-widget-text-editor\" data-id=\"a06af59\" data-element_type=\"widget\" data-widget_type=\"text-editor.default\">\n\t\t\t\t<div class=\"elementor-widget-container\">\n\t\t\t\t\t\t\t\t\t<p>Offrez \u00e0 vos \u00e9quipes et \u00e0 vos visiteurs un environnement plus sain gr\u00e2ce \u00e0 notre gamme de solutions de lavage des mains. Nos d\u00e9sinfectants instantan\u00e9s allient efficacit\u00e9, praticit\u00e9 et protection optimale pour r\u00e9duire les risques d\u2019infection au quotidien.<\/p>\t\t\t\t\t\t\t\t<\/div>\n\t\t\t\t<\/div>\n\t\t\t\t\t<\/div>\n\t\t<\/div>\n\t\t\t\t\t<\/div>\n\t\t<\/section>\n\t\t        <div class=\"elementor-element elementor-element-3c40f95 e-flex e-con-boxed wpr-particle-no wpr-jarallax-no wpr-parallax-no wpr-sticky-section-no e-con e-parent\" data-id=\"3c40f95\" data-element_type=\"container\" data-settings=\"{&quot;background_background&quot;:&quot;classic&quot;}\">\n\t\t\t\t\t<div class=\"e-con-inner\">\n\t\t\t\t<div class=\"elementor-element elementor-element-4197259 elementor-widget elementor-widget-menu-anchor\" data-id=\"4197259\" data-element_type=\"widget\" data-widget_type=\"menu-anchor.default\">\n\t\t\t\t<div class=\"elementor-widget-container\">\n\t\t\t\t\t\t\t<div class=\"elementor-menu-anchor\" id=\"kleenex\"><\/div>\n\t\t\t\t\t\t<\/div>\n\t\t\t\t<\/div>\n\t\t\t\t<div class=\"elementor-element elementor-element-e2247f3 elementor-widget elementor-widget-spacer\" data-id=\"e2247f3\" data-element_type=\"widget\" data-widget_type=\"spacer.default\">\n\t\t\t\t<div class=\"elementor-widget-container\">\n\t\t\t\t\t\t\t<div class=\"elementor-spacer\">\n\t\t\t<div class=\"elementor-spacer-inner\"><\/div>\n\t\t<\/div>\n\t\t\t\t\t\t<\/div>\n\t\t\t\t<\/div>\n\t\t\t\t\t<\/div>\n\t\t\t\t<\/div>\n\t\t<div class=\"elementor-element elementor-element-71cc6ef e-flex e-con-boxed wpr-particle-no wpr-jarallax-no wpr-parallax-no wpr-sticky-section-no e-con e-parent\" data-id=\"71cc6ef\" data-element_type=\"container\">\n\t\t\t\t\t<div class=\"e-con-inner\">\n\t\t\t\t<div class=\"elementor-element elementor-element-c1b0480 elementor-widget elementor-widget-heading\" data-id=\"c1b0480\" data-element_type=\"widget\" data-widget_type=\"heading.default\">\n\t\t\t\t<div class=\"elementor-widget-container\">\n\t\t\t\t\t<h4 class=\"elementor-heading-title elementor-size-default\">Kleenex Savon liquide<\/h4>\t\t\t\t<\/div>\n\t\t\t\t<\/div>\n\t\t\t\t\t<\/div>\n\t\t\t\t<\/div>\n\t\t<div class=\"elementor-element elementor-element-98d7d43 e-grid e-con-boxed wpr-particle-no wpr-jarallax-no wpr-parallax-no wpr-sticky-section-no e-con e-parent\" data-id=\"98d7d43\" data-element_type=\"container\">\n\t\t\t\t\t<div class=\"e-con-inner\">\n\t\t<div class=\"elementor-element elementor-element-5908209 e-con-full e-flex wpr-particle-no wpr-jarallax-no wpr-parallax-no wpr-sticky-section-no e-con e-child\" data-id=\"5908209\" data-element_type=\"container\">\n\t\t\t\t<div class=\"elementor-element elementor-element-b2ec1dc elementor-position-top elementor-widget elementor-widget-image-box\" data-id=\"b2ec1dc\" data-element_type=\"widget\" data-widget_type=\"image-box.default\">\n\t\t\t\t<div class=\"elementor-widget-container\">\n\t\t\t\t\t<div class=\"elementor-image-box-wrapper\"><figure class=\"elementor-image-box-img\"><img fetchpriority=\"high\" decoding=\"async\" width=\"684\" height=\"908\" src=\"https:\/\/awamamenities.com\/maroc\/wp-content\/uploads\/2025\/04\/Plan-de-travail-1-copie-77.webp\" class=\"attachment-full size-full wp-image-6609\" alt=\"\" srcset=\"https:\/\/awamamenities.com\/maroc\/wp-content\/uploads\/2025\/04\/Plan-de-travail-1-copie-77.webp 684w, https:\/\/awamamenities.com\/maroc\/wp-content\/uploads\/2025\/04\/Plan-de-travail-1-copie-77-226x300.webp 226w, https:\/\/awamamenities.com\/maroc\/wp-content\/uploads\/2025\/04\/Plan-de-travail-1-copie-77-200x266.webp 200w, https:\/\/awamamenities.com\/maroc\/wp-content\/uploads\/2025\/04\/Plan-de-travail-1-copie-77-360x479.webp 360w, https:\/\/awamamenities.com\/maroc\/wp-content\/uploads\/2025\/04\/Plan-de-travail-1-copie-77-512x681.webp 512w, https:\/\/awamamenities.com\/maroc\/wp-content\/uploads\/2025\/04\/Plan-de-travail-1-copie-77-600x796.webp 600w\" sizes=\"(max-width: 684px) 100vw, 684px\" \/><\/figure><div class=\"elementor-image-box-content\"><p class=\"elementor-image-box-title\"> <\/p><p class=\"elementor-image-box-description\">Distributeur Aquarius<br>\nDistributeur cr\u00e8me de lavage <br>\ndes mains Aquarius\u2122<\/p><\/div><\/div>\t\t\t\t<\/div>\n\t\t\t\t<\/div>\n\t\t\t\t<\/div>\n\t\t<div class=\"elementor-element elementor-element-87ce1bf e-con-full e-flex wpr-particle-no wpr-jarallax-no wpr-parallax-no wpr-sticky-section-no e-con e-child\" data-id=\"87ce1bf\" data-element_type=\"container\">\n\t\t\t\t<div class=\"elementor-element elementor-element-80381a9 elementor-position-top elementor-widget elementor-widget-image-box\" data-id=\"80381a9\" data-element_type=\"widget\" data-widget_type=\"image-box.default\">\n\t\t\t\t<div class=\"elementor-widget-container\">\n\t\t\t\t\t<div class=\"elementor-image-box-wrapper\"><figure class=\"elementor-image-box-img\"><img decoding=\"async\" width=\"684\" height=\"908\" src=\"https:\/\/awamamenities.com\/maroc\/wp-content\/uploads\/2025\/04\/Plan-de-travail-1-copie-79.webp\" class=\"attachment-full size-full wp-image-6611\" alt=\"\" srcset=\"https:\/\/awamamenities.com\/maroc\/wp-content\/uploads\/2025\/04\/Plan-de-travail-1-copie-79.webp 684w, https:\/\/awamamenities.com\/maroc\/wp-content\/uploads\/2025\/04\/Plan-de-travail-1-copie-79-226x300.webp 226w, https:\/\/awamamenities.com\/maroc\/wp-content\/uploads\/2025\/04\/Plan-de-travail-1-copie-79-200x266.webp 200w, https:\/\/awamamenities.com\/maroc\/wp-content\/uploads\/2025\/04\/Plan-de-travail-1-copie-79-360x479.webp 360w, https:\/\/awamamenities.com\/maroc\/wp-content\/uploads\/2025\/04\/Plan-de-travail-1-copie-79-512x681.webp 512w, https:\/\/awamamenities.com\/maroc\/wp-content\/uploads\/2025\/04\/Plan-de-travail-1-copie-79-600x796.webp 600w\" sizes=\"(max-width: 684px) 100vw, 684px\" \/><\/figure><div class=\"elementor-image-box-content\"><p class=\"elementor-image-box-description\"> KLEENEX \u00ae GEL HAND SANITISER<br>\n Savon liquide KLEENEX \u00ae<\/p><\/div><\/div>\t\t\t\t<\/div>\n\t\t\t\t<\/div>\n\t\t\t\t<\/div>\n\t\t\t\t\t<\/div>\n\t\t\t\t<\/div>\n\t\t<div class=\"elementor-element elementor-element-b86ec92 e-flex e-con-boxed wpr-particle-no wpr-jarallax-no wpr-parallax-no wpr-sticky-section-no e-con e-parent\" data-id=\"b86ec92\" data-element_type=\"container\">\n\t\t\t\t\t<div class=\"e-con-inner\">\n\t\t\t\t<div class=\"elementor-element elementor-element-02efaeb elementor-widget elementor-widget-menu-anchor\" data-id=\"02efaeb\" data-element_type=\"widget\" data-widget_type=\"menu-anchor.default\">\n\t\t\t\t<div class=\"elementor-widget-container\">\n\t\t\t\t\t\t\t<div class=\"elementor-menu-anchor\" id=\"scott\"><\/div>\n\t\t\t\t\t\t<\/div>\n\t\t\t\t<\/div>\n\t\t\t\t<div class=\"elementor-element elementor-element-61c0ae3 elementor-widget elementor-widget-spacer\" data-id=\"61c0ae3\" data-element_type=\"widget\" data-widget_type=\"spacer.default\">\n\t\t\t\t<div class=\"elementor-widget-container\">\n\t\t\t\t\t\t\t<div class=\"elementor-spacer\">\n\t\t\t<div class=\"elementor-spacer-inner\"><\/div>\n\t\t<\/div>\n\t\t\t\t\t\t<\/div>\n\t\t\t\t<\/div>\n\t\t\t\t<div class=\"elementor-element elementor-element-08ce03c elementor-widget elementor-widget-heading\" data-id=\"08ce03c\" data-element_type=\"widget\" data-widget_type=\"heading.default\">\n\t\t\t\t<div class=\"elementor-widget-container\">\n\t\t\t\t\t<h4 class=\"elementor-heading-title elementor-size-default\">SCOTT Savon liquide<\/h4>\t\t\t\t<\/div>\n\t\t\t\t<\/div>\n\t\t\t\t\t<\/div>\n\t\t\t\t<\/div>\n\t\t<div class=\"elementor-element elementor-element-534d976 e-grid e-con-boxed wpr-particle-no wpr-jarallax-no wpr-parallax-no wpr-sticky-section-no e-con e-parent\" data-id=\"534d976\" data-element_type=\"container\">\n\t\t\t\t\t<div class=\"e-con-inner\">\n\t\t<div class=\"elementor-element elementor-element-c85cecd e-con-full e-flex wpr-particle-no wpr-jarallax-no wpr-parallax-no wpr-sticky-section-no e-con e-child\" data-id=\"c85cecd\" data-element_type=\"container\">\n\t\t\t\t<div class=\"elementor-element elementor-element-191c170 elementor-position-top elementor-widget elementor-widget-image-box\" data-id=\"191c170\" data-element_type=\"widget\" data-widget_type=\"image-box.default\">\n\t\t\t\t<div class=\"elementor-widget-container\">\n\t\t\t\t\t<div class=\"elementor-image-box-wrapper\"><figure class=\"elementor-image-box-img\"><img decoding=\"async\" width=\"684\" height=\"908\" src=\"https:\/\/awamamenities.com\/maroc\/wp-content\/uploads\/2025\/04\/Plan-de-travail-1-copie-78.webp\" class=\"attachment-full size-full wp-image-6610\" alt=\"\" srcset=\"https:\/\/awamamenities.com\/maroc\/wp-content\/uploads\/2025\/04\/Plan-de-travail-1-copie-78.webp 684w, https:\/\/awamamenities.com\/maroc\/wp-content\/uploads\/2025\/04\/Plan-de-travail-1-copie-78-226x300.webp 226w, https:\/\/awamamenities.com\/maroc\/wp-content\/uploads\/2025\/04\/Plan-de-travail-1-copie-78-200x266.webp 200w, https:\/\/awamamenities.com\/maroc\/wp-content\/uploads\/2025\/04\/Plan-de-travail-1-copie-78-360x479.webp 360w, https:\/\/awamamenities.com\/maroc\/wp-content\/uploads\/2025\/04\/Plan-de-travail-1-copie-78-512x681.webp 512w, https:\/\/awamamenities.com\/maroc\/wp-content\/uploads\/2025\/04\/Plan-de-travail-1-copie-78-600x796.webp 600w\" sizes=\"(max-width: 684px) 100vw, 684px\" \/><\/figure><div class=\"elementor-image-box-content\"><p class=\"elementor-image-box-title\"> <\/p><p class=\"elementor-image-box-description\">Distributeur Aquarius<br>\n Distributeur cr\u00e8me de lavage <br>\ndes mains Aquarius\u2122.<\/p><\/div><\/div>\t\t\t\t<\/div>\n\t\t\t\t<\/div>\n\t\t\t\t<\/div>\n\t\t<div class=\"elementor-element elementor-element-f408784 e-con-full e-flex wpr-particle-no wpr-jarallax-no wpr-parallax-no wpr-sticky-section-no e-con e-child\" data-id=\"f408784\" data-element_type=\"container\">\n\t\t\t\t<div class=\"elementor-element elementor-element-babb22a elementor-position-top elementor-widget elementor-widget-image-box\" data-id=\"babb22a\" data-element_type=\"widget\" data-widget_type=\"image-box.default\">\n\t\t\t\t<div class=\"elementor-widget-container\">\n\t\t\t\t\t<div class=\"elementor-image-box-wrapper\"><figure class=\"elementor-image-box-img\"><img loading=\"lazy\" decoding=\"async\" width=\"684\" height=\"908\" src=\"https:\/\/awamamenities.com\/maroc\/wp-content\/uploads\/2025\/04\/Plan-de-travail-1-copie-80.webp\" class=\"attachment-full size-full wp-image-6612\" alt=\"\" srcset=\"https:\/\/awamamenities.com\/maroc\/wp-content\/uploads\/2025\/04\/Plan-de-travail-1-copie-80.webp 684w, https:\/\/awamamenities.com\/maroc\/wp-content\/uploads\/2025\/04\/Plan-de-travail-1-copie-80-226x300.webp 226w, https:\/\/awamamenities.com\/maroc\/wp-content\/uploads\/2025\/04\/Plan-de-travail-1-copie-80-200x266.webp 200w, https:\/\/awamamenities.com\/maroc\/wp-content\/uploads\/2025\/04\/Plan-de-travail-1-copie-80-360x479.webp 360w, https:\/\/awamamenities.com\/maroc\/wp-content\/uploads\/2025\/04\/Plan-de-travail-1-copie-80-512x681.webp 512w, https:\/\/awamamenities.com\/maroc\/wp-content\/uploads\/2025\/04\/Plan-de-travail-1-copie-80-600x796.webp 600w\" sizes=\"(max-width: 684px) 100vw, 684px\" \/><\/figure><div class=\"elementor-image-box-content\"><p class=\"elementor-image-box-description\">SCOTT \u00ae GEL HAND SANITISER<br>\n Savon liquide SCOTT \u00ae\n <\/p><\/div><\/div>\t\t\t\t<\/div>\n\t\t\t\t<\/div>\n\t\t\t\t<\/div>\n\t\t\t\t\t<\/div>\n\t\t\t\t<\/div>\n\t\t\t\t<\/div>\n\t\t","protected":false},"excerpt":{"rendered":"<p>Dispenser Kimberly-Clark Offrez \u00e0 vos \u00e9quipes et \u00e0 vos visiteurs un environnement plus sain gr\u00e2ce \u00e0 notre gamme de solutions de lavage des mains. Nos d\u00e9sinfectants instantan\u00e9s allient efficacit\u00e9, praticit\u00e9 et protection optimale pour r\u00e9duire les risques d\u2019infection au quotidien. Kleenex Savon liquide Distributeur Aquarius Distributeur cr\u00e8me de lavage des mains Aquarius\u2122 KLEENEX \u00ae GEL HAND SANITISER Savon liquide KLEENEX \u00ae SCOTT Savon liquide Distributeur Aquarius Distributeur cr\u00e8me de lavage des mains Aquarius\u2122. SCOTT \u00ae GEL HAND SANITISER Savon liquide SCOTT \u00ae<\/p>\n","protected":false},"author":1,"featured_media":0,"parent":0,"menu_order":0,"comment_status":"closed","ping_status":"closed","template":"elementor_header_footer","meta":{"footnotes":""},"class_list":["post-6579","page","type-page","status-publish","hentry"],"acf":[],"aioseo_notices":[],"_links":{"self":[{"href":"https:\/\/awamamenities.com\/maroc\/wp-json\/wp\/v2\/pages\/6579","targetHints":{"allow":["GET"]}}],"collection":[{"href":"https:\/\/awamamenities.com\/maroc\/wp-json\/wp\/v2\/pages"}],"about":[{"href":"https:\/\/awamamenities.com\/maroc\/wp-json\/wp\/v2\/types\/page"}],"author":[{"embeddable":true,"href":"https:\/\/awamamenities.com\/maroc\/wp-json\/wp\/v2\/users\/1"}],"replies":[{"embeddable":true,"href":"https:\/\/awamamenities.com\/maroc\/wp-json\/wp\/v2\/comments?post=6579"}],"version-history":[{"count":64,"href":"https:\/\/awamamenities.com\/maroc\/wp-json\/wp\/v2\/pages\/6579\/revisions"}],"predecessor-version":[{"id":9483,"href":"https:\/\/awamamenities.com\/maroc\/wp-json\/wp\/v2\/pages\/6579\/revisions\/9483"}],"wp:attachment":[{"href":"https:\/\/awamamenities.com\/maroc\/wp-json\/wp\/v2\/media?parent=6579"}],"curies":[{"name":"wp","href":"https:\/\/api.w.org\/{rel}","templated":true}]}}