{"id":32,"date":"2021-04-23T14:56:46","date_gmt":"2021-04-23T14:56:46","guid":{"rendered":"https:\/\/firstsight.design\/levre\/video\/?page_id=32"},"modified":"2025-08-19T15:21:08","modified_gmt":"2025-08-19T13:21:08","slug":"freshwater","status":"publish","type":"page","link":"https:\/\/awamamenities.com\/maroc\/freshwater\/","title":{"rendered":"freshwater"},"content":{"rendered":"\t\t<div data-elementor-type=\"wp-page\" data-elementor-id=\"32\" class=\"elementor elementor-32\">\n\t\t\t\t\t\t<section class=\"elementor-section elementor-top-section elementor-element elementor-element-41f207c elementor-section-height-min-height elementor-section-boxed elementor-section-height-default elementor-section-items-middle wpr-particle-no wpr-jarallax-no wpr-parallax-no wpr-sticky-section-no\" data-id=\"41f207c\" data-element_type=\"section\" data-settings=\"{&quot;background_background&quot;:&quot;classic&quot;}\">\n\t\t\t\t\t\t<div class=\"elementor-container elementor-column-gap-extended\">\n\t\t\t\t\t<div class=\"elementor-column elementor-col-100 elementor-top-column elementor-element elementor-element-d7c8643\" data-id=\"d7c8643\" data-element_type=\"column\">\n\t\t\t<div class=\"elementor-widget-wrap elementor-element-populated\">\n\t\t\t\t\t\t<div class=\"elementor-element elementor-element-a916cbd elementor-widget elementor-widget-image\" data-id=\"a916cbd\" data-element_type=\"widget\" data-widget_type=\"image.default\">\n\t\t\t\t<div class=\"elementor-widget-container\">\n\t\t\t\t\t\t\t\t\t\t\t\t\t\t\t<img decoding=\"async\" width=\"225\" height=\"107\" src=\"https:\/\/awamamenities.com\/maroc\/wp-content\/uploads\/2025\/05\/Plan-de-travail-1-4.svg\" class=\"attachment-large size-large wp-image-7872\" alt=\"\" \/>\t\t\t\t\t\t\t\t\t\t\t\t\t\t\t<\/div>\n\t\t\t\t<\/div>\n\t\t\t\t<div class=\"elementor-element elementor-element-1d968e7 elementor-widget__width-initial elementor-widget elementor-widget-text-editor\" data-id=\"1d968e7\" data-element_type=\"widget\" data-widget_type=\"text-editor.default\">\n\t\t\t\t<div class=\"elementor-widget-container\">\n\t\t\t\t\t\t\t\t\t<p>Un souffle d\u2019air marin m\u00ealant la fra\u00eecheur des embruns \u00e0 la puret\u00e9 d\u2019une brise iod\u00e9e, offrant une exp\u00e9rience tonique et revigorante.<\/p>\t\t\t\t\t\t\t\t<\/div>\n\t\t\t\t<\/div>\n\t\t<div class=\"elementor-element elementor-element-dd287c3 e-flex e-con-boxed wpr-particle-no wpr-jarallax-no wpr-parallax-no wpr-sticky-section-no e-con e-parent\" data-id=\"dd287c3\" data-element_type=\"container\" data-settings=\"{&quot;background_background&quot;:&quot;classic&quot;}\">\n\t\t\t\t\t<div class=\"e-con-inner\">\n\t\t\t\t<div class=\"elementor-element elementor-element-e48a03b elementor-widget elementor-widget-spacer\" data-id=\"e48a03b\" data-element_type=\"widget\" data-widget_type=\"spacer.default\">\n\t\t\t\t<div class=\"elementor-widget-container\">\n\t\t\t\t\t\t\t<div class=\"elementor-spacer\">\n\t\t\t<div class=\"elementor-spacer-inner\"><\/div>\n\t\t<\/div>\n\t\t\t\t\t\t<\/div>\n\t\t\t\t<\/div>\n\t\t\t\t\t<\/div>\n\t\t\t\t<\/div>\n\t\t\t\t\t<\/div>\n\t\t<\/div>\n\t\t\t\t\t<\/div>\n\t\t<\/section>\n\t\t        <div class=\"elementor-element elementor-element-470512f e-flex e-con-boxed wpr-particle-no wpr-jarallax-no wpr-parallax-no wpr-sticky-section-no e-con e-parent\" data-id=\"470512f\" data-element_type=\"container\">\n\t\t\t\t\t<div class=\"e-con-inner\">\n\t\t<div class=\"elementor-element elementor-element-47d6d27 e-con-full e-flex wpr-particle-no wpr-jarallax-no wpr-parallax-no wpr-sticky-section-no e-con e-child\" data-id=\"47d6d27\" data-element_type=\"container\" data-settings=\"{&quot;background_background&quot;:&quot;classic&quot;}\">\n\t\t\t\t<div class=\"elementor-element elementor-element-d4e24c6 elementor-widget elementor-widget-spacer\" data-id=\"d4e24c6\" data-element_type=\"widget\" data-widget_type=\"spacer.default\">\n\t\t\t\t<div class=\"elementor-widget-container\">\n\t\t\t\t\t\t\t<div class=\"elementor-spacer\">\n\t\t\t<div class=\"elementor-spacer-inner\"><\/div>\n\t\t<\/div>\n\t\t\t\t\t\t<\/div>\n\t\t\t\t<\/div>\n\t\t\t\t<\/div>\n\t\t<div class=\"elementor-element elementor-element-76390c9 e-con-full e-flex wpr-particle-no wpr-jarallax-no wpr-parallax-no wpr-sticky-section-no e-con e-child\" data-id=\"76390c9\" data-element_type=\"container\">\n\t\t\t\t<div class=\"elementor-element elementor-element-2463517 elementor-widget elementor-widget-heading\" data-id=\"2463517\" data-element_type=\"widget\" data-widget_type=\"heading.default\">\n\t\t\t\t<div class=\"elementor-widget-container\">\n\t\t\t\t\t<h5 class=\"elementor-heading-title elementor-size-default\">FRESHWATER \/ <span style=\"font-weight:300\">Flacon de 30 ml ou 20 ml<\/span>\n<\/h5>\t\t\t\t<\/div>\n\t\t\t\t<\/div>\n\t\t<div class=\"elementor-element elementor-element-04a6c71 e-grid e-con-full wpr-particle-no wpr-jarallax-no wpr-parallax-no wpr-sticky-section-no e-con e-child\" data-id=\"04a6c71\" data-element_type=\"container\">\n\t\t<div class=\"elementor-element elementor-element-27e54d1 e-con-full e-flex wpr-particle-no wpr-jarallax-no wpr-parallax-no wpr-sticky-section-no e-con e-child\" data-id=\"27e54d1\" data-element_type=\"container\">\n\t\t\t\t<div class=\"elementor-element elementor-element-d3f815e elementor-position-top elementor-widget elementor-widget-image-box\" data-id=\"d3f815e\" data-element_type=\"widget\" data-widget_type=\"image-box.default\">\n\t\t\t\t<div class=\"elementor-widget-container\">\n\t\t\t\t\t<div class=\"elementor-image-box-wrapper\"><figure class=\"elementor-image-box-img\"><img fetchpriority=\"high\" decoding=\"async\" width=\"684\" height=\"908\" src=\"https:\/\/awamamenities.com\/maroc\/wp-content\/uploads\/2025\/04\/Plan-de-travail-1-copie-66.webp\" class=\"attachment-full size-full wp-image-5465\" alt=\"\" srcset=\"https:\/\/awamamenities.com\/maroc\/wp-content\/uploads\/2025\/04\/Plan-de-travail-1-copie-66.webp 684w, https:\/\/awamamenities.com\/maroc\/wp-content\/uploads\/2025\/04\/Plan-de-travail-1-copie-66-226x300.webp 226w, https:\/\/awamamenities.com\/maroc\/wp-content\/uploads\/2025\/04\/Plan-de-travail-1-copie-66-200x266.webp 200w, https:\/\/awamamenities.com\/maroc\/wp-content\/uploads\/2025\/04\/Plan-de-travail-1-copie-66-360x479.webp 360w, https:\/\/awamamenities.com\/maroc\/wp-content\/uploads\/2025\/04\/Plan-de-travail-1-copie-66-512x681.webp 512w, https:\/\/awamamenities.com\/maroc\/wp-content\/uploads\/2025\/04\/Plan-de-travail-1-copie-66-600x796.webp 600w\" sizes=\"(max-width: 684px) 100vw, 684px\" \/><\/figure><div class=\"elementor-image-box-content\"><p class=\"elementor-image-box-title\">Shampoing 30 ml <\/p><p class=\"elementor-image-box-description\">parfum frais, citronn\u00e9<\/p><\/div><\/div>\t\t\t\t<\/div>\n\t\t\t\t<\/div>\n\t\t\t\t<\/div>\n\t\t<div class=\"elementor-element elementor-element-88f662f e-con-full e-flex wpr-particle-no wpr-jarallax-no wpr-parallax-no wpr-sticky-section-no e-con e-child\" data-id=\"88f662f\" data-element_type=\"container\">\n\t\t\t\t<div class=\"elementor-element elementor-element-a012b7f elementor-position-top elementor-widget elementor-widget-image-box\" data-id=\"a012b7f\" data-element_type=\"widget\" data-widget_type=\"image-box.default\">\n\t\t\t\t<div class=\"elementor-widget-container\">\n\t\t\t\t\t<div class=\"elementor-image-box-wrapper\"><figure class=\"elementor-image-box-img\"><img decoding=\"async\" width=\"684\" height=\"908\" src=\"https:\/\/awamamenities.com\/maroc\/wp-content\/uploads\/2025\/04\/Plan-de-travail-1-copie-65.webp\" class=\"attachment-full size-full wp-image-5464\" alt=\"\" srcset=\"https:\/\/awamamenities.com\/maroc\/wp-content\/uploads\/2025\/04\/Plan-de-travail-1-copie-65.webp 684w, https:\/\/awamamenities.com\/maroc\/wp-content\/uploads\/2025\/04\/Plan-de-travail-1-copie-65-226x300.webp 226w, https:\/\/awamamenities.com\/maroc\/wp-content\/uploads\/2025\/04\/Plan-de-travail-1-copie-65-200x266.webp 200w, https:\/\/awamamenities.com\/maroc\/wp-content\/uploads\/2025\/04\/Plan-de-travail-1-copie-65-360x479.webp 360w, https:\/\/awamamenities.com\/maroc\/wp-content\/uploads\/2025\/04\/Plan-de-travail-1-copie-65-512x681.webp 512w, https:\/\/awamamenities.com\/maroc\/wp-content\/uploads\/2025\/04\/Plan-de-travail-1-copie-65-600x796.webp 600w\" sizes=\"(max-width: 684px) 100vw, 684px\" \/><\/figure><div class=\"elementor-image-box-content\"><p class=\"elementor-image-box-title\">Gel Bain Douche 30 ml <\/p><p class=\"elementor-image-box-description\">parfum frais, citronn\u00e9<\/p><\/div><\/div>\t\t\t\t<\/div>\n\t\t\t\t<\/div>\n\t\t\t\t<\/div>\n\t\t<div class=\"elementor-element elementor-element-f2b8afb e-con-full e-flex wpr-particle-no wpr-jarallax-no wpr-parallax-no wpr-sticky-section-no e-con e-child\" data-id=\"f2b8afb\" data-element_type=\"container\">\n\t\t\t\t<div class=\"elementor-element elementor-element-505ac05 elementor-position-top elementor-widget elementor-widget-image-box\" data-id=\"505ac05\" data-element_type=\"widget\" data-widget_type=\"image-box.default\">\n\t\t\t\t<div class=\"elementor-widget-container\">\n\t\t\t\t\t<div class=\"elementor-image-box-wrapper\"><figure class=\"elementor-image-box-img\"><img loading=\"lazy\" decoding=\"async\" width=\"684\" height=\"908\" src=\"https:\/\/awamamenities.com\/maroc\/wp-content\/uploads\/2025\/04\/Plan-de-travail-1-copie-64.webp\" class=\"attachment-full size-full wp-image-5463\" alt=\"\" srcset=\"https:\/\/awamamenities.com\/maroc\/wp-content\/uploads\/2025\/04\/Plan-de-travail-1-copie-64.webp 684w, https:\/\/awamamenities.com\/maroc\/wp-content\/uploads\/2025\/04\/Plan-de-travail-1-copie-64-226x300.webp 226w, https:\/\/awamamenities.com\/maroc\/wp-content\/uploads\/2025\/04\/Plan-de-travail-1-copie-64-200x266.webp 200w, https:\/\/awamamenities.com\/maroc\/wp-content\/uploads\/2025\/04\/Plan-de-travail-1-copie-64-360x479.webp 360w, https:\/\/awamamenities.com\/maroc\/wp-content\/uploads\/2025\/04\/Plan-de-travail-1-copie-64-512x681.webp 512w, https:\/\/awamamenities.com\/maroc\/wp-content\/uploads\/2025\/04\/Plan-de-travail-1-copie-64-600x796.webp 600w\" sizes=\"(max-width: 684px) 100vw, 684px\" \/><\/figure><div class=\"elementor-image-box-content\"><p class=\"elementor-image-box-title\">Shampoing 20 ml <\/p><p class=\"elementor-image-box-description\">parfum frais, citronn\u00e9<\/p><\/div><\/div>\t\t\t\t<\/div>\n\t\t\t\t<\/div>\n\t\t\t\t<\/div>\n\t\t<div class=\"elementor-element elementor-element-1ef4a25 e-con-full e-flex wpr-particle-no wpr-jarallax-no wpr-parallax-no wpr-sticky-section-no e-con e-child\" data-id=\"1ef4a25\" data-element_type=\"container\">\n\t\t\t\t<div class=\"elementor-element elementor-element-4cac540 elementor-position-top elementor-widget elementor-widget-image-box\" data-id=\"4cac540\" data-element_type=\"widget\" data-widget_type=\"image-box.default\">\n\t\t\t\t<div class=\"elementor-widget-container\">\n\t\t\t\t\t<div class=\"elementor-image-box-wrapper\"><figure class=\"elementor-image-box-img\"><img loading=\"lazy\" decoding=\"async\" width=\"684\" height=\"908\" src=\"https:\/\/awamamenities.com\/maroc\/wp-content\/uploads\/2025\/04\/Plan-de-travail-1-copie-63.webp\" class=\"attachment-full size-full wp-image-5462\" alt=\"\" srcset=\"https:\/\/awamamenities.com\/maroc\/wp-content\/uploads\/2025\/04\/Plan-de-travail-1-copie-63.webp 684w, https:\/\/awamamenities.com\/maroc\/wp-content\/uploads\/2025\/04\/Plan-de-travail-1-copie-63-226x300.webp 226w, https:\/\/awamamenities.com\/maroc\/wp-content\/uploads\/2025\/04\/Plan-de-travail-1-copie-63-200x266.webp 200w, https:\/\/awamamenities.com\/maroc\/wp-content\/uploads\/2025\/04\/Plan-de-travail-1-copie-63-360x479.webp 360w, https:\/\/awamamenities.com\/maroc\/wp-content\/uploads\/2025\/04\/Plan-de-travail-1-copie-63-512x681.webp 512w, https:\/\/awamamenities.com\/maroc\/wp-content\/uploads\/2025\/04\/Plan-de-travail-1-copie-63-600x796.webp 600w\" sizes=\"(max-width: 684px) 100vw, 684px\" \/><\/figure><div class=\"elementor-image-box-content\"><p class=\"elementor-image-box-title\">Gel Bain Douche 20 ml <\/p><p class=\"elementor-image-box-description\">parfum frais, citronn\u00e9<\/p><\/div><\/div>\t\t\t\t<\/div>\n\t\t\t\t<\/div>\n\t\t\t\t<\/div>\n\t\t\t\t<\/div>\n\t\t\t\t<\/div>\n\t\t\t\t\t<\/div>\n\t\t\t\t<\/div>\n\t\t<div class=\"elementor-element elementor-element-fcc82f6 e-flex e-con-boxed wpr-particle-no wpr-jarallax-no wpr-parallax-no wpr-sticky-section-no e-con e-parent\" data-id=\"fcc82f6\" data-element_type=\"container\">\n\t\t\t\t\t<div class=\"e-con-inner\">\n\t\t<div class=\"elementor-element elementor-element-525f889 e-con-full e-flex wpr-particle-no wpr-jarallax-no wpr-parallax-no wpr-sticky-section-no e-con e-child\" data-id=\"525f889\" data-element_type=\"container\">\n\t\t\t\t<div class=\"elementor-element elementor-element-d80fd8c elementor-widget elementor-widget-spacer\" data-id=\"d80fd8c\" data-element_type=\"widget\" data-widget_type=\"spacer.default\">\n\t\t\t\t<div class=\"elementor-widget-container\">\n\t\t\t\t\t\t\t<div class=\"elementor-spacer\">\n\t\t\t<div class=\"elementor-spacer-inner\"><\/div>\n\t\t<\/div>\n\t\t\t\t\t\t<\/div>\n\t\t\t\t<\/div>\n\t\t\t\t<div class=\"elementor-element elementor-element-3c16d76 elementor-widget elementor-widget-heading\" data-id=\"3c16d76\" data-element_type=\"widget\" data-widget_type=\"heading.default\">\n\t\t\t\t<div class=\"elementor-widget-container\">\n\t\t\t\t\t<h5 class=\"elementor-heading-title elementor-size-default\">FRESHWATER \/ <span style=\"font-weight:300\">pi\u00e8ce de 20 g ou 15 g<\/span>\n<\/h5>\t\t\t\t<\/div>\n\t\t\t\t<\/div>\n\t\t<div class=\"elementor-element elementor-element-799fa6f e-grid e-con-full wpr-particle-no wpr-jarallax-no wpr-parallax-no wpr-sticky-section-no e-con e-child\" data-id=\"799fa6f\" data-element_type=\"container\">\n\t\t<div class=\"elementor-element elementor-element-932a19a e-con-full e-flex wpr-particle-no wpr-jarallax-no wpr-parallax-no wpr-sticky-section-no e-con e-child\" data-id=\"932a19a\" data-element_type=\"container\">\n\t\t\t\t<div class=\"elementor-element elementor-element-66962d1 elementor-position-top elementor-widget elementor-widget-image-box\" data-id=\"66962d1\" data-element_type=\"widget\" data-widget_type=\"image-box.default\">\n\t\t\t\t<div class=\"elementor-widget-container\">\n\t\t\t\t\t<div class=\"elementor-image-box-wrapper\"><figure class=\"elementor-image-box-img\"><img loading=\"lazy\" decoding=\"async\" width=\"684\" height=\"908\" src=\"https:\/\/awamamenities.com\/maroc\/wp-content\/uploads\/2025\/04\/Plan-de-travail-1-copie-19.webp\" class=\"attachment-full size-full wp-image-5471\" alt=\"\" srcset=\"https:\/\/awamamenities.com\/maroc\/wp-content\/uploads\/2025\/04\/Plan-de-travail-1-copie-19.webp 684w, https:\/\/awamamenities.com\/maroc\/wp-content\/uploads\/2025\/04\/Plan-de-travail-1-copie-19-226x300.webp 226w, https:\/\/awamamenities.com\/maroc\/wp-content\/uploads\/2025\/04\/Plan-de-travail-1-copie-19-200x266.webp 200w, https:\/\/awamamenities.com\/maroc\/wp-content\/uploads\/2025\/04\/Plan-de-travail-1-copie-19-360x479.webp 360w, https:\/\/awamamenities.com\/maroc\/wp-content\/uploads\/2025\/04\/Plan-de-travail-1-copie-19-512x681.webp 512w, https:\/\/awamamenities.com\/maroc\/wp-content\/uploads\/2025\/04\/Plan-de-travail-1-copie-19-600x796.webp 600w\" sizes=\"(max-width: 684px) 100vw, 684px\" \/><\/figure><div class=\"elementor-image-box-content\"><p class=\"elementor-image-box-title\">Savon Pliss\u00e9 20 g<\/p><p class=\"elementor-image-box-description\">parfum frais, citronn\u00e9<\/p><\/div><\/div>\t\t\t\t<\/div>\n\t\t\t\t<\/div>\n\t\t\t\t<\/div>\n\t\t<div class=\"elementor-element elementor-element-cb58ac7 e-con-full e-flex wpr-particle-no wpr-jarallax-no wpr-parallax-no wpr-sticky-section-no e-con e-child\" data-id=\"cb58ac7\" data-element_type=\"container\">\n\t\t\t\t<div class=\"elementor-element elementor-element-29cc6b0 elementor-position-top elementor-widget elementor-widget-image-box\" data-id=\"29cc6b0\" data-element_type=\"widget\" data-widget_type=\"image-box.default\">\n\t\t\t\t<div class=\"elementor-widget-container\">\n\t\t\t\t\t<div class=\"elementor-image-box-wrapper\"><figure class=\"elementor-image-box-img\"><img loading=\"lazy\" decoding=\"async\" width=\"684\" height=\"908\" src=\"https:\/\/awamamenities.com\/maroc\/wp-content\/uploads\/2025\/04\/Plan-de-travail-1-copie-20.webp\" class=\"attachment-full size-full wp-image-5472\" alt=\"\" srcset=\"https:\/\/awamamenities.com\/maroc\/wp-content\/uploads\/2025\/04\/Plan-de-travail-1-copie-20.webp 684w, https:\/\/awamamenities.com\/maroc\/wp-content\/uploads\/2025\/04\/Plan-de-travail-1-copie-20-226x300.webp 226w, https:\/\/awamamenities.com\/maroc\/wp-content\/uploads\/2025\/04\/Plan-de-travail-1-copie-20-200x266.webp 200w, https:\/\/awamamenities.com\/maroc\/wp-content\/uploads\/2025\/04\/Plan-de-travail-1-copie-20-360x479.webp 360w, https:\/\/awamamenities.com\/maroc\/wp-content\/uploads\/2025\/04\/Plan-de-travail-1-copie-20-512x681.webp 512w, https:\/\/awamamenities.com\/maroc\/wp-content\/uploads\/2025\/04\/Plan-de-travail-1-copie-20-600x796.webp 600w\" sizes=\"(max-width: 684px) 100vw, 684px\" \/><\/figure><div class=\"elementor-image-box-content\"><p class=\"elementor-image-box-title\">Savon Pliss\u00e9 15 g<\/p><p class=\"elementor-image-box-description\">parfum frais, citronn\u00e9<\/p><\/div><\/div>\t\t\t\t<\/div>\n\t\t\t\t<\/div>\n\t\t\t\t<\/div>\n\t\t\t\t<\/div>\n\t\t\t\t<\/div>\n\t\t\t\t\t<\/div>\n\t\t\t\t<\/div>\n\t\t\t\t<\/div>\n\t\t","protected":false},"excerpt":{"rendered":"<p>Un souffle d\u2019air marin m\u00ealant la fra\u00eecheur des embruns \u00e0 la puret\u00e9 d\u2019une brise iod\u00e9e, offrant une exp\u00e9rience tonique et revigorante. FRESHWATER \/ Flacon de 30 ml ou 20 ml Shampoing 30 ml parfum frais, citronn\u00e9 Gel Bain Douche 30 ml parfum frais, citronn\u00e9 Shampoing 20 ml parfum frais, citronn\u00e9 Gel Bain Douche 20 ml parfum frais, citronn\u00e9 FRESHWATER \/ pi\u00e8ce de 20 g ou 15 g Savon Pliss\u00e9 20 g parfum frais, citronn\u00e9 Savon Pliss\u00e9 15 g parfum frais, citronn\u00e9<\/p>\n","protected":false},"author":1,"featured_media":0,"parent":0,"menu_order":0,"comment_status":"closed","ping_status":"closed","template":"","meta":{"footnotes":""},"class_list":["post-32","page","type-page","status-publish","hentry"],"acf":[],"aioseo_notices":[],"_links":{"self":[{"href":"https:\/\/awamamenities.com\/maroc\/wp-json\/wp\/v2\/pages\/32","targetHints":{"allow":["GET"]}}],"collection":[{"href":"https:\/\/awamamenities.com\/maroc\/wp-json\/wp\/v2\/pages"}],"about":[{"href":"https:\/\/awamamenities.com\/maroc\/wp-json\/wp\/v2\/types\/page"}],"author":[{"embeddable":true,"href":"https:\/\/awamamenities.com\/maroc\/wp-json\/wp\/v2\/users\/1"}],"replies":[{"embeddable":true,"href":"https:\/\/awamamenities.com\/maroc\/wp-json\/wp\/v2\/comments?post=32"}],"version-history":[{"count":32,"href":"https:\/\/awamamenities.com\/maroc\/wp-json\/wp\/v2\/pages\/32\/revisions"}],"predecessor-version":[{"id":9442,"href":"https:\/\/awamamenities.com\/maroc\/wp-json\/wp\/v2\/pages\/32\/revisions\/9442"}],"wp:attachment":[{"href":"https:\/\/awamamenities.com\/maroc\/wp-json\/wp\/v2\/media?parent=32"}],"curies":[{"name":"wp","href":"https:\/\/api.w.org\/{rel}","templated":true}]}}